{"id":6305,"date":"2024-03-09T19:36:30","date_gmt":"2024-03-09T14:36:30","guid":{"rendered":"https:\/\/turkmenexporter.com\/product\/well-lolipoplari\/"},"modified":"2024-09-17T19:28:44","modified_gmt":"2024-09-17T14:28:44","slug":"well-lolipoplari","status":"publish","type":"product","link":"https:\/\/turkmenexporter.com\/tr\/urun\/well-lolipoplari\/","title":{"rendered":"WELL lolipoplar\u0131"},"content":{"rendered":"<ul>\n<li>Kutu hacmi: 0,05 M3<\/li>\n<li>Kutu br\u00fct a\u011f\u0131rl\u0131\u011f\u0131: 11,7 kg<\/li>\n<li>Raf \u00f6mr\u00fc: 18 ay.<\/li>\n<\/ul>\n","protected":false},"excerpt":{"rendered":"<p>Lolipoplar 12 gr<\/p>\n<p>Bir blokta 150 adet. Bir kutuda 6 blok.<\/p>\n","protected":false},"featured_media":4676,"comment_status":"open","ping_status":"closed","template":"","meta":{"_acf_changed":false},"brand":[268],"product_cat":[323],"product_tag":[],"class_list":{"0":"post-6305","1":"product","2":"type-product","3":"status-publish","4":"has-post-thumbnail","6":"brand-altyn-yunus-tr","7":"product_cat-sekerler","9":"first","10":"instock","11":"shipping-taxable","12":"purchasable","13":"product-type-variable","14":"has-default-attributes"},"acf":[],"_links":{"self":[{"href":"https:\/\/turkmenexporter.com\/tr\/wp-json\/wp\/v2\/product\/6305","targetHints":{"allow":["GET"]}}],"collection":[{"href":"https:\/\/turkmenexporter.com\/tr\/wp-json\/wp\/v2\/product"}],"about":[{"href":"https:\/\/turkmenexporter.com\/tr\/wp-json\/wp\/v2\/types\/product"}],"replies":[{"embeddable":true,"href":"https:\/\/turkmenexporter.com\/tr\/wp-json\/wp\/v2\/comments?post=6305"}],"version-history":[{"count":1,"href":"https:\/\/turkmenexporter.com\/tr\/wp-json\/wp\/v2\/product\/6305\/revisions"}],"predecessor-version":[{"id":10372,"href":"https:\/\/turkmenexporter.com\/tr\/wp-json\/wp\/v2\/product\/6305\/revisions\/10372"}],"wp:featuredmedia":[{"embeddable":true,"href":"https:\/\/turkmenexporter.com\/tr\/wp-json\/wp\/v2\/media\/4676"}],"wp:attachment":[{"href":"https:\/\/turkmenexporter.com\/tr\/wp-json\/wp\/v2\/media?parent=6305"}],"wp:term":[{"taxonomy":"brand","embeddable":true,"href":"https:\/\/turkmenexporter.com\/tr\/wp-json\/wp\/v2\/brand?post=6305"},{"taxonomy":"product_cat","embeddable":true,"href":"https:\/\/turkmenexporter.com\/tr\/wp-json\/wp\/v2\/product_cat?post=6305"},{"taxonomy":"product_tag","embeddable":true,"href":"https:\/\/turkmenexporter.com\/tr\/wp-json\/wp\/v2\/product_tag?post=6305"}],"curies":[{"name":"wp","href":"https:\/\/api.w.org\/{rel}","templated":true}]}}