{"id":6311,"date":"2024-03-09T19:36:34","date_gmt":"2024-03-09T14:36:34","guid":{"rendered":"https:\/\/turkmenexporter.com\/product\/melek-galette-kurabiye\/"},"modified":"2024-09-17T19:28:41","modified_gmt":"2024-09-17T14:28:41","slug":"melek-galette-kurabiye","status":"publish","type":"product","link":"https:\/\/turkmenexporter.com\/tr\/urun\/melek-galette-kurabiye\/","title":{"rendered":"MELEK galette kurabiye"},"content":{"rendered":"<p>Kutu hacmi: 0,012 M3<\/p>\n<p>Kutu br\u00fct a\u011f\u0131rl\u0131\u011f\u0131: 3,05 kg <\/p>\n<p>Raf \u00f6mr\u00fc: 12 ay<\/p>\n","protected":false},"excerpt":{"rendered":"<p>Galette kurabiye 3 kg<\/p>\n","protected":false},"featured_media":4610,"comment_status":"open","ping_status":"closed","template":"","meta":{"_acf_changed":false},"brand":[268],"product_cat":[326],"product_tag":[],"class_list":{"0":"post-6311","1":"product","2":"type-product","3":"status-publish","4":"has-post-thumbnail","6":"brand-altyn-yunus-tr","7":"product_cat-cerezler","9":"first","10":"instock","11":"shipping-taxable","12":"purchasable","13":"product-type-simple"},"acf":[],"_links":{"self":[{"href":"https:\/\/turkmenexporter.com\/tr\/wp-json\/wp\/v2\/product\/6311","targetHints":{"allow":["GET"]}}],"collection":[{"href":"https:\/\/turkmenexporter.com\/tr\/wp-json\/wp\/v2\/product"}],"about":[{"href":"https:\/\/turkmenexporter.com\/tr\/wp-json\/wp\/v2\/types\/product"}],"replies":[{"embeddable":true,"href":"https:\/\/turkmenexporter.com\/tr\/wp-json\/wp\/v2\/comments?post=6311"}],"version-history":[{"count":1,"href":"https:\/\/turkmenexporter.com\/tr\/wp-json\/wp\/v2\/product\/6311\/revisions"}],"predecessor-version":[{"id":10356,"href":"https:\/\/turkmenexporter.com\/tr\/wp-json\/wp\/v2\/product\/6311\/revisions\/10356"}],"wp:featuredmedia":[{"embeddable":true,"href":"https:\/\/turkmenexporter.com\/tr\/wp-json\/wp\/v2\/media\/4610"}],"wp:attachment":[{"href":"https:\/\/turkmenexporter.com\/tr\/wp-json\/wp\/v2\/media?parent=6311"}],"wp:term":[{"taxonomy":"brand","embeddable":true,"href":"https:\/\/turkmenexporter.com\/tr\/wp-json\/wp\/v2\/brand?post=6311"},{"taxonomy":"product_cat","embeddable":true,"href":"https:\/\/turkmenexporter.com\/tr\/wp-json\/wp\/v2\/product_cat?post=6311"},{"taxonomy":"product_tag","embeddable":true,"href":"https:\/\/turkmenexporter.com\/tr\/wp-json\/wp\/v2\/product_tag?post=6311"}],"curies":[{"name":"wp","href":"https:\/\/api.w.org\/{rel}","templated":true}]}}