{"id":6321,"date":"2024-03-09T19:36:37","date_gmt":"2024-03-09T14:36:37","guid":{"rendered":"https:\/\/turkmenexporter.com\/product\/yunus-sekerli-kurabiye\/"},"modified":"2024-09-17T19:28:35","modified_gmt":"2024-09-17T14:28:35","slug":"yunus-sekerli-kurabiye","status":"publish","type":"product","link":"https:\/\/turkmenexporter.com\/tr\/urun\/yunus-sekerli-kurabiye\/","title":{"rendered":"YUNUS \u015fekerli kurabiye"},"content":{"rendered":"<p>&#8220;Yunus&#8221; \u015fekerli kurabiyeler. \u0130\u00e7indekiler: Y\u00fcksek dereceli un, pudra \u015fekeri, inwert \u015furubu, tuz, bitkisel (palm) ya\u011f, amonyum karbonat (E503), lesitin (E322), sodyum piros\u00fclfit (E223), sodyum karbonat (E500), aroma aromas\u0131 &#8220;Vanilya&#8221;, ya\u011fs\u0131z s\u00fct tozu, yumurta tozu, peynir alt\u0131 suyu tozu, sodyum pirofosfat (E450). Her 100 g \u00fcr\u00fcn i\u00e7in besin de\u011feri: proteinler &#8211; 7,4 g, ya\u011flar &#8211; 9,0 g, karbonhidratlar &#8211; 64,3 g. Enerji de\u011feri &#8211; 367,8 kcal.Saklama ko\u015fullar\u0131: +5\u00baC ila +22\u00baC s\u0131cakl\u0131kta ve %75&#8217;ten fazla olmayan ba\u011f\u0131l hava neminde saklay\u0131n. \u00dcr\u00fcnlerimiz domuz ya\u011f\u0131 i\u00e7ermez. GDO i\u00e7ermez. Serin ve kuru bir yerde saklay\u0131n. \u00dcretim tarihi ve son kullanma tarihi ambalaj \u00fczerinde belirtilmi\u015ftir. \u00dcr\u00fcn sertifikal\u0131d\u0131r. <\/p>\n<p>Kutu hacmi: 0,009 M3<\/p>\n<p>Kutu br\u00fct a\u011f\u0131rl\u0131\u011f\u0131: 3,3 kg <\/p>\n<p>Raf \u00f6mr\u00fc: 12 ay<\/p>\n","protected":false},"excerpt":{"rendered":"<p>\u015eekerli kurabiye 3 kg<\/p>\n","protected":false},"featured_media":4634,"comment_status":"open","ping_status":"closed","template":"","meta":{"_acf_changed":false},"brand":[268],"product_cat":[326],"product_tag":[],"class_list":{"0":"post-6321","1":"product","2":"type-product","3":"status-publish","4":"has-post-thumbnail","6":"brand-altyn-yunus-tr","7":"product_cat-cerezler","9":"first","10":"instock","11":"shipping-taxable","12":"purchasable","13":"product-type-simple"},"acf":[],"_links":{"self":[{"href":"https:\/\/turkmenexporter.com\/tr\/wp-json\/wp\/v2\/product\/6321","targetHints":{"allow":["GET"]}}],"collection":[{"href":"https:\/\/turkmenexporter.com\/tr\/wp-json\/wp\/v2\/product"}],"about":[{"href":"https:\/\/turkmenexporter.com\/tr\/wp-json\/wp\/v2\/types\/product"}],"replies":[{"embeddable":true,"href":"https:\/\/turkmenexporter.com\/tr\/wp-json\/wp\/v2\/comments?post=6321"}],"version-history":[{"count":1,"href":"https:\/\/turkmenexporter.com\/tr\/wp-json\/wp\/v2\/product\/6321\/revisions"}],"predecessor-version":[{"id":10317,"href":"https:\/\/turkmenexporter.com\/tr\/wp-json\/wp\/v2\/product\/6321\/revisions\/10317"}],"wp:featuredmedia":[{"embeddable":true,"href":"https:\/\/turkmenexporter.com\/tr\/wp-json\/wp\/v2\/media\/4634"}],"wp:attachment":[{"href":"https:\/\/turkmenexporter.com\/tr\/wp-json\/wp\/v2\/media?parent=6321"}],"wp:term":[{"taxonomy":"brand","embeddable":true,"href":"https:\/\/turkmenexporter.com\/tr\/wp-json\/wp\/v2\/brand?post=6321"},{"taxonomy":"product_cat","embeddable":true,"href":"https:\/\/turkmenexporter.com\/tr\/wp-json\/wp\/v2\/product_cat?post=6321"},{"taxonomy":"product_tag","embeddable":true,"href":"https:\/\/turkmenexporter.com\/tr\/wp-json\/wp\/v2\/product_tag?post=6321"}],"curies":[{"name":"wp","href":"https:\/\/api.w.org\/{rel}","templated":true}]}}