{"id":6328,"date":"2024-03-09T19:36:40","date_gmt":"2024-03-09T14:36:40","guid":{"rendered":"https:\/\/turkmenexporter.com\/product\/yunus-paketli-galette-kurabiyeler\/"},"modified":"2024-09-17T19:28:30","modified_gmt":"2024-09-17T14:28:30","slug":"yunus-paketli-galette-kurabiyeler","status":"publish","type":"product","link":"https:\/\/turkmenexporter.com\/tr\/urun\/yunus-paketli-galette-kurabiyeler\/","title":{"rendered":"YUNUS paketli galette kurabiyeler"},"content":{"rendered":"<p>&#8220;Yunus&#8221; galet kurabiyeleri. \u0130\u00e7indekiler: Bu\u011fday unu, pudra \u015fekeri, inwert \u015furubu, bitkisel ya\u011f (palm ya\u011f\u0131), peynir alt\u0131 suyu tozu, ya\u011fs\u0131z s\u00fct tozu, kabart\u0131c\u0131lar &#8211; amonyum karbonat (E503), sodyum karbonat (E500), tuz, lesitin (E322), koruyucu piros\u00fclfit sodyum (E223), do\u011fal &#8220;S\u00fct&#8221; ile \u00f6zde\u015f aroma, asitlik d\u00fczenleyici (ctric asit). Her 100 g \u00fcr\u00fcn i\u00e7in besin de\u011feri: proteinler &#8211; 8,8 g, ya\u011flar &#8211; 12,45 g, karbonhidratlar &#8211; 60,89 g. Enerji de\u011feri &#8211; 403,49 kcal.Saklama ko\u015fullar\u0131: +5\u00baC ila +22\u00baC s\u0131cakl\u0131kta ve %75&#8217;ten fazla olmayan ba\u011f\u0131l hava neminde saklay\u0131n. \u00dcr\u00fcnlerimiz domuz ya\u011f\u0131 i\u00e7ermez. GDO i\u00e7ermez. Serin ve kuru bir yerde saklay\u0131n. \u00dcretim tarihi ve son kullanma tarihi ambalaj \u00fczerinde belirtilmi\u015ftir. \u00dcr\u00fcn sertifikal\u0131d\u0131r. <\/p>\n<p>Kutu hacmi: 0,015 M3<\/p>\n<p>Kutu br\u00fct a\u011f\u0131rl\u0131\u011f\u0131: 3,96 kg <\/p>\n<p>Raf \u00f6mr\u00fc: 12 ay<\/p>\n","protected":false},"excerpt":{"rendered":"<p>Paketlenmi\u015f galette kurabiye 66 gr<\/p>\n<p>Bir kutuda 60 paket.<\/p>\n","protected":false},"featured_media":4532,"comment_status":"open","ping_status":"closed","template":"","meta":{"_acf_changed":false},"brand":[268],"product_cat":[326],"product_tag":[852],"class_list":{"0":"post-6328","1":"product","2":"type-product","3":"status-publish","4":"has-post-thumbnail","6":"brand-altyn-yunus-tr","7":"product_cat-cerezler","8":"product_tag-front-product-tr","10":"first","11":"instock","12":"shipping-taxable","13":"purchasable","14":"product-type-simple"},"acf":[],"_links":{"self":[{"href":"https:\/\/turkmenexporter.com\/tr\/wp-json\/wp\/v2\/product\/6328","targetHints":{"allow":["GET"]}}],"collection":[{"href":"https:\/\/turkmenexporter.com\/tr\/wp-json\/wp\/v2\/product"}],"about":[{"href":"https:\/\/turkmenexporter.com\/tr\/wp-json\/wp\/v2\/types\/product"}],"replies":[{"embeddable":true,"href":"https:\/\/turkmenexporter.com\/tr\/wp-json\/wp\/v2\/comments?post=6328"}],"version-history":[{"count":1,"href":"https:\/\/turkmenexporter.com\/tr\/wp-json\/wp\/v2\/product\/6328\/revisions"}],"predecessor-version":[{"id":10287,"href":"https:\/\/turkmenexporter.com\/tr\/wp-json\/wp\/v2\/product\/6328\/revisions\/10287"}],"wp:featuredmedia":[{"embeddable":true,"href":"https:\/\/turkmenexporter.com\/tr\/wp-json\/wp\/v2\/media\/4532"}],"wp:attachment":[{"href":"https:\/\/turkmenexporter.com\/tr\/wp-json\/wp\/v2\/media?parent=6328"}],"wp:term":[{"taxonomy":"brand","embeddable":true,"href":"https:\/\/turkmenexporter.com\/tr\/wp-json\/wp\/v2\/brand?post=6328"},{"taxonomy":"product_cat","embeddable":true,"href":"https:\/\/turkmenexporter.com\/tr\/wp-json\/wp\/v2\/product_cat?post=6328"},{"taxonomy":"product_tag","embeddable":true,"href":"https:\/\/turkmenexporter.com\/tr\/wp-json\/wp\/v2\/product_tag?post=6328"}],"curies":[{"name":"wp","href":"https:\/\/api.w.org\/{rel}","templated":true}]}}