{"id":6329,"date":"2024-03-09T19:36:40","date_gmt":"2024-03-09T14:36:40","guid":{"rendered":"https:\/\/turkmenexporter.com\/product\/yunus-gofretleri\/"},"modified":"2024-09-17T19:28:30","modified_gmt":"2024-09-17T14:28:30","slug":"yunus-gofretleri","status":"publish","type":"product","link":"https:\/\/turkmenexporter.com\/tr\/urun\/yunus-gofretleri\/","title":{"rendered":"YUNUS gofretleri"},"content":{"rendered":"<p>\u00c7e\u015fitli tatlarda &#8220;Yunus&#8221; gofretleri. \u0130\u00e7indekiler: Bu\u011fday unu, palm ya\u011f\u0131, pudra \u015fekeri, tuz, rafine edilmi\u015f deodorize bitkisel ya\u011f, ya\u011fs\u0131z s\u00fct tozu, lesitin (E322), sodyum karbonat (E500), karbonat (E500), dondurma tozu, kakao tozu. Her 100 g \u00fcr\u00fcn i\u00e7in besin de\u011feri: proteinler &#8211; 9,63 g, ya\u011flar &#8211; 22,41 g, karbonhidratlar &#8211; 54,65 g. Enerji de\u011feri &#8211; 460,18 kcal.Saklama ko\u015fullar\u0131: 18\u00b13\u00baC s\u0131cakl\u0131kta ve %70&#8217;i ge\u00e7meyen ba\u011f\u0131l hava neminde saklay\u0131n. \u00dcr\u00fcnlerimiz domuz ya\u011f\u0131 i\u00e7ermez. GDO i\u00e7ermez. Serin ve kuru bir yerde saklay\u0131n. \u00dcretim tarihi ve son kullanma tarihi ambalaj \u00fczerinde belirtilmi\u015ftir. \u00dcr\u00fcn sertifikal\u0131d\u0131r. <\/p>\n<p>Kutu hacmi: 0,008 M3<\/p>\n<p>Kutu br\u00fct a\u011f\u0131rl\u0131\u011f\u0131: 3 kg <\/p>\n<p>Raf \u00f6mr\u00fc: 12 ay<\/p>\n","protected":false},"excerpt":{"rendered":"<p>Gofretler 2,5 kg<\/p>\n","protected":false},"featured_media":5264,"comment_status":"open","ping_status":"closed","template":"","meta":{"_acf_changed":false},"brand":[268],"product_cat":[334],"product_tag":[852],"class_list":{"0":"post-6329","1":"product","2":"type-product","3":"status-publish","4":"has-post-thumbnail","6":"brand-altyn-yunus-tr","7":"product_cat-gofretler","8":"product_tag-front-product-tr","10":"first","11":"instock","12":"shipping-taxable","13":"purchasable","14":"product-type-simple"},"acf":[],"_links":{"self":[{"href":"https:\/\/turkmenexporter.com\/tr\/wp-json\/wp\/v2\/product\/6329","targetHints":{"allow":["GET"]}}],"collection":[{"href":"https:\/\/turkmenexporter.com\/tr\/wp-json\/wp\/v2\/product"}],"about":[{"href":"https:\/\/turkmenexporter.com\/tr\/wp-json\/wp\/v2\/types\/product"}],"replies":[{"embeddable":true,"href":"https:\/\/turkmenexporter.com\/tr\/wp-json\/wp\/v2\/comments?post=6329"}],"version-history":[{"count":1,"href":"https:\/\/turkmenexporter.com\/tr\/wp-json\/wp\/v2\/product\/6329\/revisions"}],"predecessor-version":[{"id":10286,"href":"https:\/\/turkmenexporter.com\/tr\/wp-json\/wp\/v2\/product\/6329\/revisions\/10286"}],"wp:featuredmedia":[{"embeddable":true,"href":"https:\/\/turkmenexporter.com\/tr\/wp-json\/wp\/v2\/media\/5264"}],"wp:attachment":[{"href":"https:\/\/turkmenexporter.com\/tr\/wp-json\/wp\/v2\/media?parent=6329"}],"wp:term":[{"taxonomy":"brand","embeddable":true,"href":"https:\/\/turkmenexporter.com\/tr\/wp-json\/wp\/v2\/brand?post=6329"},{"taxonomy":"product_cat","embeddable":true,"href":"https:\/\/turkmenexporter.com\/tr\/wp-json\/wp\/v2\/product_cat?post=6329"},{"taxonomy":"product_tag","embeddable":true,"href":"https:\/\/turkmenexporter.com\/tr\/wp-json\/wp\/v2\/product_tag?post=6329"}],"curies":[{"name":"wp","href":"https:\/\/api.w.org\/{rel}","templated":true}]}}