{"id":6330,"date":"2024-03-09T19:36:43","date_gmt":"2024-03-09T14:36:43","guid":{"rendered":"https:\/\/turkmenexporter.com\/product\/rass-gofret-cubuklari\/"},"modified":"2024-09-17T19:28:28","modified_gmt":"2024-09-17T14:28:28","slug":"rass-gofret-cubuklari","status":"publish","type":"product","link":"https:\/\/turkmenexporter.com\/tr\/urun\/rass-gofret-cubuklari\/","title":{"rendered":"RASS gofret \u00e7ubuklar\u0131"},"content":{"rendered":"<ul>\n<li>Kutu hacmi: 0,036 M3<\/li>\n<li>Kutu br\u00fct a\u011f\u0131rl\u0131\u011f\u0131: 7,57 kg<\/li>\n<li>Raf \u00f6mr\u00fc: 12 ay.<\/li>\n<\/ul>\n","protected":false},"excerpt":{"rendered":"<p>Gofret \u00e7ubuklar\u0131 15 gr<\/p>\n<p>Bir blokta 48 paketlenmi\u015f \u00e7ubuk. Bir kutuda 9 blok.<\/p>\n","protected":false},"featured_media":4508,"comment_status":"open","ping_status":"closed","template":"","meta":{"_acf_changed":false},"brand":[268],"product_cat":[334],"product_tag":[852],"class_list":{"0":"post-6330","1":"product","2":"type-product","3":"status-publish","4":"has-post-thumbnail","6":"brand-altyn-yunus-tr","7":"product_cat-gofretler","8":"product_tag-front-product-tr","10":"first","11":"instock","12":"shipping-taxable","13":"purchasable","14":"product-type-variable","15":"has-default-attributes"},"acf":[],"_links":{"self":[{"href":"https:\/\/turkmenexporter.com\/tr\/wp-json\/wp\/v2\/product\/6330","targetHints":{"allow":["GET"]}}],"collection":[{"href":"https:\/\/turkmenexporter.com\/tr\/wp-json\/wp\/v2\/product"}],"about":[{"href":"https:\/\/turkmenexporter.com\/tr\/wp-json\/wp\/v2\/types\/product"}],"replies":[{"embeddable":true,"href":"https:\/\/turkmenexporter.com\/tr\/wp-json\/wp\/v2\/comments?post=6330"}],"version-history":[{"count":1,"href":"https:\/\/turkmenexporter.com\/tr\/wp-json\/wp\/v2\/product\/6330\/revisions"}],"predecessor-version":[{"id":6337,"href":"https:\/\/turkmenexporter.com\/tr\/wp-json\/wp\/v2\/product\/6330\/revisions\/6337"}],"wp:featuredmedia":[{"embeddable":true,"href":"https:\/\/turkmenexporter.com\/tr\/wp-json\/wp\/v2\/media\/4508"}],"wp:attachment":[{"href":"https:\/\/turkmenexporter.com\/tr\/wp-json\/wp\/v2\/media?parent=6330"}],"wp:term":[{"taxonomy":"brand","embeddable":true,"href":"https:\/\/turkmenexporter.com\/tr\/wp-json\/wp\/v2\/brand?post=6330"},{"taxonomy":"product_cat","embeddable":true,"href":"https:\/\/turkmenexporter.com\/tr\/wp-json\/wp\/v2\/product_cat?post=6330"},{"taxonomy":"product_tag","embeddable":true,"href":"https:\/\/turkmenexporter.com\/tr\/wp-json\/wp\/v2\/product_tag?post=6330"}],"curies":[{"name":"wp","href":"https:\/\/api.w.org\/{rel}","templated":true}]}}