{"id":6737,"date":"2024-03-12T05:10:12","date_gmt":"2024-03-12T00:10:12","guid":{"rendered":"https:\/\/turkmenexporter.com\/product\/diyet-organik-kirmizi-cekirdeksiz-kuru-uzum\/"},"modified":"2024-09-17T19:28:27","modified_gmt":"2024-09-17T14:28:27","slug":"diyet-organik-kirmizi-cekirdeksiz-kuru-uzum","status":"publish","type":"product","link":"https:\/\/turkmenexporter.com\/tr\/urun\/diyet-organik-kirmizi-cekirdeksiz-kuru-uzum\/","title":{"rendered":"Diyet organik k\u0131rm\u0131z\u0131 \u00e7ekirdeksiz kuru \u00fcz\u00fcm"},"content":{"rendered":"<p>Her lokmas\u0131nda lezzet ve besin senfonisi olan Diyet Organik K\u0131rm\u0131z\u0131 \u00c7ekirdeksiz Kuru \u00dcz\u00fcm\u00fcm\u00fcz ile sa\u011fl\u0131kl\u0131 bir ho\u015fg\u00f6r\u00fc yolculu\u011funa \u00e7\u0131k\u0131n. T\u00fcrkmenistan\u2019\u0131n bereketli topraklar\u0131nda \u00f6zenle yeti\u015ftirilen bu k\u0131rm\u0131z\u0131 m\u00fccevherler, asmadan sofraya kadar safl\u0131k ve b\u00fct\u00fcnl\u00fck sa\u011flayan s\u00fcrd\u00fcr\u00fclebilir tar\u0131m uygulamalar\u0131 kullan\u0131larak yeti\u015ftirilmektedir. Bu k\u0131rm\u0131z\u0131 kuru \u00fcz\u00fcmler, sadece s\u00fcper temiz kuru \u00fcz\u00fcm sa\u011flamakla kalmay\u0131p ayn\u0131 zamanda her meyveye do\u011fal bir parlakl\u0131k kazand\u0131ran s\u0131cak buharla temizlenir.<br \/>\u00c7ekirdeksiz Kuru \u00dcz\u00fcmlerimiz temel besinler ve antioksidanlar a\u00e7\u0131s\u0131ndan zengindir, bu da onlar\u0131 g\u00fcnl\u00fck diyetinize keyifli bir katk\u0131 haline getirir. Diyet lifi, potasyum ve demirle dolu olan bu \u00fcr\u00fcnler sindirim sa\u011fl\u0131\u011f\u0131n\u0131 destekler, kardiyovask\u00fcler fonksiyonlar\u0131 destekler ve enerji seviyelerini y\u00fckseltir. Ayr\u0131ca, do\u011fal tatl\u0131l\u0131klar\u0131, ilave \u015fekerlere ihtiya\u00e7 duymadan istekleri tatmin eder, bu da onlar\u0131 sa\u011fl\u0131k bilincine sahip t\u00fcketiciler i\u00e7in su\u00e7luluk duymayan bir at\u0131\u015ft\u0131rmal\u0131k se\u00e7ene\u011fi haline getirir.<br \/> %100 organik<br \/> S\u0131cak buharl\u0131 temizlik<br \/> G\u00f6lge kurutma (kimyasallar ve teknik cihazlar kullan\u0131lmadan do\u011fal kurutma)<br \/> Do\u011frudan teslimatlar (Arac\u0131 yok)<br \/> Kapsaml\u0131 m\u00fc\u015fteri deste\u011fi<br \/> Makul fiyatlar<br \/> Kapsaml\u0131 kalite kontrol<br \/> GDO\u2019suz<br \/> Bir y\u0131l garanti<br \/>Kalite ve m\u00fc\u015fteri memnuniyetine olan ba\u011fl\u0131l\u0131\u011f\u0131m\u0131z\u0131n bir g\u00f6stergesi olarak, ilgilenen m\u00fc\u015fterilerimize birinci s\u0131n\u0131f kuru \u00fcz\u00fcmlerimizden 200 gr\u2019l\u0131k \u00fccretsiz bir numune sunmaktan mutluluk duyuyoruz. Sadece ilginizi belirtin, numuneyi memnuniyetle do\u011frudan size g\u00f6nderelim ve \u00fcr\u00fcnlerimizin ola\u011fan\u00fcst\u00fc lezzetini ve kalitesini ilk elden deneyimlemenize olanak tan\u0131yal\u0131m. \u00dccretsiz numunenizi talep etmek ve kuru \u00fcz\u00fcmlerimizin benzersiz iyili\u011fini ke\u015ffetmek i\u00e7in bug\u00fcn bize ula\u015f\u0131n.<\/p>\n","protected":false},"excerpt":{"rendered":"<p>T\u00fcrkmenistan&#8217;dan Wholesome Dietary Organik K\u0131rm\u0131z\u0131 \u00c7ekirdeksiz Kuru \u00dcz\u00fcm. Lezzet ve besleyicilikle dolu, safl\u0131k i\u00e7in s\u00fcrd\u00fcr\u00fclebilir \u015fekilde yeti\u015ftirilmi\u015ftir.<\/p>\n","protected":false},"featured_media":6683,"comment_status":"open","ping_status":"closed","template":"","meta":{"_acf_changed":false},"brand":[591],"product_cat":[597],"product_tag":[],"class_list":{"0":"post-6737","1":"product","2":"type-product","3":"status-publish","4":"has-post-thumbnail","6":"brand-asly-toprak-tr","7":"product_cat-kuru-uzum","9":"first","10":"instock","11":"shipping-taxable","12":"purchasable","13":"product-type-simple"},"acf":[],"_links":{"self":[{"href":"https:\/\/turkmenexporter.com\/tr\/wp-json\/wp\/v2\/product\/6737","targetHints":{"allow":["GET"]}}],"collection":[{"href":"https:\/\/turkmenexporter.com\/tr\/wp-json\/wp\/v2\/product"}],"about":[{"href":"https:\/\/turkmenexporter.com\/tr\/wp-json\/wp\/v2\/types\/product"}],"replies":[{"embeddable":true,"href":"https:\/\/turkmenexporter.com\/tr\/wp-json\/wp\/v2\/comments?post=6737"}],"version-history":[{"count":1,"href":"https:\/\/turkmenexporter.com\/tr\/wp-json\/wp\/v2\/product\/6737\/revisions"}],"predecessor-version":[{"id":8592,"href":"https:\/\/turkmenexporter.com\/tr\/wp-json\/wp\/v2\/product\/6737\/revisions\/8592"}],"wp:featuredmedia":[{"embeddable":true,"href":"https:\/\/turkmenexporter.com\/tr\/wp-json\/wp\/v2\/media\/6683"}],"wp:attachment":[{"href":"https:\/\/turkmenexporter.com\/tr\/wp-json\/wp\/v2\/media?parent=6737"}],"wp:term":[{"taxonomy":"brand","embeddable":true,"href":"https:\/\/turkmenexporter.com\/tr\/wp-json\/wp\/v2\/brand?post=6737"},{"taxonomy":"product_cat","embeddable":true,"href":"https:\/\/turkmenexporter.com\/tr\/wp-json\/wp\/v2\/product_cat?post=6737"},{"taxonomy":"product_tag","embeddable":true,"href":"https:\/\/turkmenexporter.com\/tr\/wp-json\/wp\/v2\/product_tag?post=6737"}],"curies":[{"name":"wp","href":"https:\/\/api.w.org\/{rel}","templated":true}]}}