{"id":6738,"date":"2024-03-12T05:19:28","date_gmt":"2024-03-12T00:19:28","guid":{"rendered":"https:\/\/turkmenexporter.com\/product\/cekirdeksiz-kuru-uzum-70-mm\/"},"modified":"2024-09-17T19:28:26","modified_gmt":"2024-09-17T14:28:26","slug":"cekirdeksiz-kuru-uzum-70-mm","status":"publish","type":"product","link":"https:\/\/turkmenexporter.com\/tr\/urun\/cekirdeksiz-kuru-uzum-70-mm\/","title":{"rendered":"\u00c7ekirdeksiz kuru \u00fcz\u00fcm 70 mm"},"content":{"rendered":"<p>Kuru \u00fcz\u00fcm \u00fcretim sanat\u0131n\u0131n ger\u00e7ek bir kan\u0131t\u0131 olan \u00c7ekirdeksiz Siyah Sultanas ile ho\u015fg\u00f6r\u00fcn\u00fcn \u00f6z\u00fcn\u00fc ke\u015ffedin. Sadece T\u00fcrkmenistan\u2019daki se\u00e7kin \u00fcz\u00fcm ba\u011flar\u0131ndan temin edilen bu siyah m\u00fccevherler, olgunlu\u011fun zirvesinde toplan\u0131r ve her \u0131s\u0131r\u0131kta rakipsiz lezzet ve doku sa\u011flar. S\u0131cak buharla temizlenen bu kuru \u00fcz\u00fcmler, sadece s\u00fcper temiz kuru \u00fcz\u00fcmler sa\u011flamakla kalmaz, ayn\u0131 zamanda her meyveye do\u011fal bir parlakl\u0131k kazand\u0131r\u0131r.<br \/>\u00c7ekirdeksiz Kuru \u00dcz\u00fcmlerimiz temel besinler ve antioksidanlar a\u00e7\u0131s\u0131ndan zengindir, bu da onlar\u0131 g\u00fcnl\u00fck diyetinize keyifli bir katk\u0131 haline getirir. Diyet lifi, potasyum ve demirle dolu olan bu \u00fcr\u00fcnler sindirim sa\u011fl\u0131\u011f\u0131n\u0131 destekler, kardiyovask\u00fcler fonksiyonlar\u0131 destekler ve enerji seviyelerini y\u00fckseltir. Ayr\u0131ca, do\u011fal tatl\u0131l\u0131klar\u0131, ilave \u015fekerlere ihtiya\u00e7 duymadan istekleri tatmin eder, bu da onlar\u0131 sa\u011fl\u0131k bilincine sahip t\u00fcketiciler i\u00e7in su\u00e7luluk duymayan bir at\u0131\u015ft\u0131rmal\u0131k se\u00e7ene\u011fi haline getirir.<br \/> %100 organik<br \/> S\u0131cak buharl\u0131 temizlik<br \/> G\u00f6lge kurutma (kimyasallar ve teknik cihazlar kullan\u0131lmadan do\u011fal kurutma)<br \/> Do\u011frudan teslimatlar (Arac\u0131 yok)<br \/> Kapsaml\u0131 m\u00fc\u015fteri deste\u011fi<br \/> Makul fiyatlar<br \/> Kapsaml\u0131 kalite kontrol<br \/> GDO\u2019suz<br \/> Bir y\u0131l garanti<br \/>Kalite ve m\u00fc\u015fteri memnuniyetine olan ba\u011fl\u0131l\u0131\u011f\u0131m\u0131z\u0131n bir g\u00f6stergesi olarak, ilgilenen m\u00fc\u015fterilerimize birinci s\u0131n\u0131f kuru \u00fcz\u00fcmlerimizden 200 gr\u2019l\u0131k \u00fccretsiz bir numune sunmaktan mutluluk duyuyoruz. Sadece ilginizi belirtin, numuneyi memnuniyetle do\u011frudan size g\u00f6nderelim ve \u00fcr\u00fcnlerimizin ola\u011fan\u00fcst\u00fc lezzetini ve kalitesini ilk elden deneyimlemenize olanak tan\u0131yal\u0131m. \u00dccretsiz numunenizi talep etmek ve kuru \u00fcz\u00fcmlerimizin benzersiz iyili\u011fini ke\u015ffetmek i\u00e7in bug\u00fcn bize ula\u015f\u0131n.<\/p>\n","protected":false},"excerpt":{"rendered":"<p>Se\u00e7kin T\u00fcrkmenistan \u00fcz\u00fcm ba\u011flar\u0131ndan elde edilen \u00c7ekirdeksiz Siyah Sultanas. Her \u0131s\u0131r\u0131kta rakipsiz lezzet ve doku.<\/p>\n","protected":false},"featured_media":6719,"comment_status":"open","ping_status":"closed","template":"","meta":{"_acf_changed":false},"brand":[591],"product_cat":[597],"product_tag":[],"class_list":{"0":"post-6738","1":"product","2":"type-product","3":"status-publish","4":"has-post-thumbnail","6":"brand-asly-toprak-tr","7":"product_cat-kuru-uzum","9":"first","10":"instock","11":"shipping-taxable","12":"purchasable","13":"product-type-simple"},"acf":[],"_links":{"self":[{"href":"https:\/\/turkmenexporter.com\/tr\/wp-json\/wp\/v2\/product\/6738","targetHints":{"allow":["GET"]}}],"collection":[{"href":"https:\/\/turkmenexporter.com\/tr\/wp-json\/wp\/v2\/product"}],"about":[{"href":"https:\/\/turkmenexporter.com\/tr\/wp-json\/wp\/v2\/types\/product"}],"replies":[{"embeddable":true,"href":"https:\/\/turkmenexporter.com\/tr\/wp-json\/wp\/v2\/comments?post=6738"}],"version-history":[{"count":1,"href":"https:\/\/turkmenexporter.com\/tr\/wp-json\/wp\/v2\/product\/6738\/revisions"}],"predecessor-version":[{"id":8593,"href":"https:\/\/turkmenexporter.com\/tr\/wp-json\/wp\/v2\/product\/6738\/revisions\/8593"}],"wp:featuredmedia":[{"embeddable":true,"href":"https:\/\/turkmenexporter.com\/tr\/wp-json\/wp\/v2\/media\/6719"}],"wp:attachment":[{"href":"https:\/\/turkmenexporter.com\/tr\/wp-json\/wp\/v2\/media?parent=6738"}],"wp:term":[{"taxonomy":"brand","embeddable":true,"href":"https:\/\/turkmenexporter.com\/tr\/wp-json\/wp\/v2\/brand?post=6738"},{"taxonomy":"product_cat","embeddable":true,"href":"https:\/\/turkmenexporter.com\/tr\/wp-json\/wp\/v2\/product_cat?post=6738"},{"taxonomy":"product_tag","embeddable":true,"href":"https:\/\/turkmenexporter.com\/tr\/wp-json\/wp\/v2\/product_tag?post=6738"}],"curies":[{"name":"wp","href":"https:\/\/api.w.org\/{rel}","templated":true}]}}