{"id":7451,"date":"2024-04-07T19:10:38","date_gmt":"2024-04-07T14:10:38","guid":{"rendered":"https:\/\/turkmenexporter.com\/product\/real-cola\/"},"modified":"2024-09-17T19:28:25","modified_gmt":"2024-09-17T14:28:25","slug":"real-cola-kutu-icinde","status":"publish","type":"product","link":"https:\/\/turkmenexporter.com\/tr\/urun\/real-cola-kutu-icinde\/","title":{"rendered":"Real Cola kutu i\u00e7inde"},"content":{"rendered":"<p>\u0130\u00e7indekiler: Ar\u0131t\u0131lm\u0131\u015f i\u00e7me suyu, \u015feker, asitli\u011fi d\u00fczenleyici sitrik asit (E330), sodyum dioksit al\u0131m\u0131n\u0131 doyurucu gaz (E290), Cola em\u00fclsiyonu, koruyucu sodyum benzoat (E211). Saklama ko\u015fullar\u0131 0\u00b0C ila 18\u00b0C. Ambalaj tipi al\u00fcminyum kutu.<\/p>\n<p>Birim boyutu G\/Y: 5,5\/14,5 sm<\/p>\n<p>Blok a\u011f\u0131rl\u0131\u011f\u0131: 4,275 kg<\/p>\n<p>Raf \u00f6mr\u00fc: 12 ay<\/p>\n","protected":false},"excerpt":{"rendered":"<p>Alkols\u00fcz gazl\u0131 i\u00e7ecek 330 ml<\/p>\n<p>Bir blokta 6 kutu. Bir palette 210 blok.<\/p>\n","protected":false},"featured_media":7292,"comment_status":"open","ping_status":"closed","template":"","meta":{"_acf_changed":false},"brand":[603],"product_cat":[629],"product_tag":[852],"class_list":{"0":"post-7451","1":"product","2":"type-product","3":"status-publish","4":"has-post-thumbnail","6":"brand-yupekchi","7":"product_cat-icecekler","8":"product_tag-front-product-tr","10":"first","11":"instock","12":"shipping-taxable","13":"purchasable","14":"product-type-simple"},"acf":[],"_links":{"self":[{"href":"https:\/\/turkmenexporter.com\/tr\/wp-json\/wp\/v2\/product\/7451","targetHints":{"allow":["GET"]}}],"collection":[{"href":"https:\/\/turkmenexporter.com\/tr\/wp-json\/wp\/v2\/product"}],"about":[{"href":"https:\/\/turkmenexporter.com\/tr\/wp-json\/wp\/v2\/types\/product"}],"replies":[{"embeddable":true,"href":"https:\/\/turkmenexporter.com\/tr\/wp-json\/wp\/v2\/comments?post=7451"}],"version-history":[{"count":1,"href":"https:\/\/turkmenexporter.com\/tr\/wp-json\/wp\/v2\/product\/7451\/revisions"}],"predecessor-version":[{"id":7485,"href":"https:\/\/turkmenexporter.com\/tr\/wp-json\/wp\/v2\/product\/7451\/revisions\/7485"}],"wp:featuredmedia":[{"embeddable":true,"href":"https:\/\/turkmenexporter.com\/tr\/wp-json\/wp\/v2\/media\/7292"}],"wp:attachment":[{"href":"https:\/\/turkmenexporter.com\/tr\/wp-json\/wp\/v2\/media?parent=7451"}],"wp:term":[{"taxonomy":"brand","embeddable":true,"href":"https:\/\/turkmenexporter.com\/tr\/wp-json\/wp\/v2\/brand?post=7451"},{"taxonomy":"product_cat","embeddable":true,"href":"https:\/\/turkmenexporter.com\/tr\/wp-json\/wp\/v2\/product_cat?post=7451"},{"taxonomy":"product_tag","embeddable":true,"href":"https:\/\/turkmenexporter.com\/tr\/wp-json\/wp\/v2\/product_tag?post=7451"}],"curies":[{"name":"wp","href":"https:\/\/api.w.org\/{rel}","templated":true}]}}