{"id":7466,"date":"2024-04-07T19:10:38","date_gmt":"2024-04-07T14:10:38","guid":{"rendered":"https:\/\/turkmenexporter.com\/product\/7gen-alkolsuz-gazli-icecek\/"},"modified":"2024-09-17T19:28:24","modified_gmt":"2024-09-17T14:28:24","slug":"7gen-alkolsuz-gazli-icecek","status":"publish","type":"product","link":"https:\/\/turkmenexporter.com\/tr\/urun\/7gen-alkolsuz-gazli-icecek\/","title":{"rendered":"7GEN alkols\u00fcz gazl\u0131 i\u00e7ecek"},"content":{"rendered":"<ul>\n<li>Birim boyutu W\/H: 8\/32,5 sm<\/li>\n<li>Blok a\u011f\u0131rl\u0131\u011f\u0131: 9,160 kg<\/li>\n<li>Raf \u00f6mr\u00fc: 180 g\u00fcn.<\/li>\n<\/ul>\n","protected":false},"excerpt":{"rendered":"<p>Alkols\u00fcz gazl\u0131 i\u00e7ecek 1500 ml<\/p>\n<p>Bir blokta 6 \u015fi\u015fe. Bir palette 105 blok.<\/p>\n","protected":false},"featured_media":7004,"comment_status":"open","ping_status":"closed","template":"","meta":{"_acf_changed":false},"brand":[603],"product_cat":[629],"product_tag":[],"class_list":{"0":"post-7466","1":"product","2":"type-product","3":"status-publish","4":"has-post-thumbnail","6":"brand-yupekchi","7":"product_cat-icecekler","9":"first","10":"instock","11":"shipping-taxable","12":"purchasable","13":"product-type-variable","14":"has-default-attributes"},"acf":[],"_links":{"self":[{"href":"https:\/\/turkmenexporter.com\/tr\/wp-json\/wp\/v2\/product\/7466","targetHints":{"allow":["GET"]}}],"collection":[{"href":"https:\/\/turkmenexporter.com\/tr\/wp-json\/wp\/v2\/product"}],"about":[{"href":"https:\/\/turkmenexporter.com\/tr\/wp-json\/wp\/v2\/types\/product"}],"replies":[{"embeddable":true,"href":"https:\/\/turkmenexporter.com\/tr\/wp-json\/wp\/v2\/comments?post=7466"}],"version-history":[{"count":1,"href":"https:\/\/turkmenexporter.com\/tr\/wp-json\/wp\/v2\/product\/7466\/revisions"}],"predecessor-version":[{"id":8124,"href":"https:\/\/turkmenexporter.com\/tr\/wp-json\/wp\/v2\/product\/7466\/revisions\/8124"}],"wp:featuredmedia":[{"embeddable":true,"href":"https:\/\/turkmenexporter.com\/tr\/wp-json\/wp\/v2\/media\/7004"}],"wp:attachment":[{"href":"https:\/\/turkmenexporter.com\/tr\/wp-json\/wp\/v2\/media?parent=7466"}],"wp:term":[{"taxonomy":"brand","embeddable":true,"href":"https:\/\/turkmenexporter.com\/tr\/wp-json\/wp\/v2\/brand?post=7466"},{"taxonomy":"product_cat","embeddable":true,"href":"https:\/\/turkmenexporter.com\/tr\/wp-json\/wp\/v2\/product_cat?post=7466"},{"taxonomy":"product_tag","embeddable":true,"href":"https:\/\/turkmenexporter.com\/tr\/wp-json\/wp\/v2\/product_tag?post=7466"}],"curies":[{"name":"wp","href":"https:\/\/api.w.org\/{rel}","templated":true}]}}