{"id":7474,"date":"2024-04-07T19:10:39","date_gmt":"2024-04-07T14:10:39","guid":{"rendered":"https:\/\/turkmenexporter.com\/product\/bulvar-maden-suyu\/"},"modified":"2024-09-17T19:28:21","modified_gmt":"2024-09-17T14:28:21","slug":"bulvar-kopuklu-suyu","status":"publish","type":"product","link":"https:\/\/turkmenexporter.com\/tr\/urun\/bulvar-kopuklu-suyu\/","title":{"rendered":"Bulvar k\u00f6p\u00fckl\u00fc suyu"},"content":{"rendered":"<p>\u0130\u00e7indekiler: ar\u0131t\u0131lm\u0131\u015f i\u00e7me suyu, karbonatla\u015ft\u0131r\u0131c\u0131 karbondioksit (E290). Mineralizasyon 100-1000 mg\/dm\u00b3. Toplam sertlik en fazla 1,7 mol\/dm\u00b3. Saklama ko\u015fullar\u0131 5\u00b0C ila 20\u00b0C. Paket tipi pet \u015fi\u015fe.<\/p>\n<p>Birim boyutu W\/H: 6\/23,5 sm<\/p>\n<p>Blok a\u011f\u0131rl\u0131\u011f\u0131: 6,225 kgBirim boyutu W\/H: 6\/23,5 sm <\/p>\n<p>Raf \u00f6mr\u00fc: 180 g\u00fcn<\/p>\n","protected":false},"excerpt":{"rendered":"<p>G\u00fc\u00e7l\u00fc karbonatl\u0131 i\u00e7me suyu 500 ml<\/p>\n<p>Bir blokta 12 \u015fi\u015fe. Bir palette 114 blok.<\/p>\n","protected":false},"featured_media":7136,"comment_status":"open","ping_status":"closed","template":"","meta":{"_acf_changed":false},"brand":[603],"product_cat":[629],"product_tag":[],"class_list":{"0":"post-7474","1":"product","2":"type-product","3":"status-publish","4":"has-post-thumbnail","6":"brand-yupekchi","7":"product_cat-icecekler","9":"first","10":"instock","11":"shipping-taxable","12":"purchasable","13":"product-type-simple"},"acf":[],"_links":{"self":[{"href":"https:\/\/turkmenexporter.com\/tr\/wp-json\/wp\/v2\/product\/7474","targetHints":{"allow":["GET"]}}],"collection":[{"href":"https:\/\/turkmenexporter.com\/tr\/wp-json\/wp\/v2\/product"}],"about":[{"href":"https:\/\/turkmenexporter.com\/tr\/wp-json\/wp\/v2\/types\/product"}],"replies":[{"embeddable":true,"href":"https:\/\/turkmenexporter.com\/tr\/wp-json\/wp\/v2\/comments?post=7474"}],"version-history":[{"count":2,"href":"https:\/\/turkmenexporter.com\/tr\/wp-json\/wp\/v2\/product\/7474\/revisions"}],"predecessor-version":[{"id":7478,"href":"https:\/\/turkmenexporter.com\/tr\/wp-json\/wp\/v2\/product\/7474\/revisions\/7478"}],"wp:featuredmedia":[{"embeddable":true,"href":"https:\/\/turkmenexporter.com\/tr\/wp-json\/wp\/v2\/media\/7136"}],"wp:attachment":[{"href":"https:\/\/turkmenexporter.com\/tr\/wp-json\/wp\/v2\/media?parent=7474"}],"wp:term":[{"taxonomy":"brand","embeddable":true,"href":"https:\/\/turkmenexporter.com\/tr\/wp-json\/wp\/v2\/brand?post=7474"},{"taxonomy":"product_cat","embeddable":true,"href":"https:\/\/turkmenexporter.com\/tr\/wp-json\/wp\/v2\/product_cat?post=7474"},{"taxonomy":"product_tag","embeddable":true,"href":"https:\/\/turkmenexporter.com\/tr\/wp-json\/wp\/v2\/product_tag?post=7474"}],"curies":[{"name":"wp","href":"https:\/\/api.w.org\/{rel}","templated":true}]}}