{"id":7486,"date":"2024-04-07T19:10:39","date_gmt":"2024-04-07T14:10:39","guid":{"rendered":"https:\/\/turkmenexporter.com\/product\/real-cola\/"},"modified":"2024-09-17T19:28:20","modified_gmt":"2024-09-17T14:28:20","slug":"real-cola","status":"publish","type":"product","link":"https:\/\/turkmenexporter.com\/tr\/urun\/real-cola\/","title":{"rendered":"Real Cola"},"content":{"rendered":"<p>\u0130\u00e7indekiler: Ar\u0131t\u0131lm\u0131\u015f i\u00e7me suyu, \u015feker, asitli\u011fi d\u00fczenleyici sitrik asit (E330), sodyum dioksit al\u0131m\u0131n\u0131 doyurucu gaz (E290), Cola em\u00fclsiyonu, koruyucu sodyum benzoat (E211). Saklama ko\u015fullar\u0131 5\u00b0C ila 20\u00b0C. Paket tipi pet \u015fi\u015fe.<\/p>\n<p>Birim boyutu G\/Y: 7\/29,5 sm<\/p>\n<p>Blok a\u011f\u0131rl\u0131\u011f\u0131: 13,045 kg<\/p>\n<p>Raf \u00f6mr\u00fc: 180 g\u00fcn<\/p>\n","protected":false},"excerpt":{"rendered":"<p>Alkols\u00fcz gazl\u0131 i\u00e7ecek 1000 ml<\/p>\n<p>Bir blokta 12 \u015fi\u015fe. Bir palette 70 blok.<\/p>\n","protected":false},"featured_media":7298,"comment_status":"open","ping_status":"closed","template":"","meta":{"_acf_changed":false},"brand":[603],"product_cat":[629],"product_tag":[852],"class_list":{"0":"post-7486","1":"product","2":"type-product","3":"status-publish","4":"has-post-thumbnail","6":"brand-yupekchi","7":"product_cat-icecekler","8":"product_tag-front-product-tr","10":"first","11":"instock","12":"shipping-taxable","13":"purchasable","14":"product-type-simple"},"acf":[],"_links":{"self":[{"href":"https:\/\/turkmenexporter.com\/tr\/wp-json\/wp\/v2\/product\/7486","targetHints":{"allow":["GET"]}}],"collection":[{"href":"https:\/\/turkmenexporter.com\/tr\/wp-json\/wp\/v2\/product"}],"about":[{"href":"https:\/\/turkmenexporter.com\/tr\/wp-json\/wp\/v2\/types\/product"}],"replies":[{"embeddable":true,"href":"https:\/\/turkmenexporter.com\/tr\/wp-json\/wp\/v2\/comments?post=7486"}],"version-history":[{"count":1,"href":"https:\/\/turkmenexporter.com\/tr\/wp-json\/wp\/v2\/product\/7486\/revisions"}],"predecessor-version":[{"id":10254,"href":"https:\/\/turkmenexporter.com\/tr\/wp-json\/wp\/v2\/product\/7486\/revisions\/10254"}],"wp:featuredmedia":[{"embeddable":true,"href":"https:\/\/turkmenexporter.com\/tr\/wp-json\/wp\/v2\/media\/7298"}],"wp:attachment":[{"href":"https:\/\/turkmenexporter.com\/tr\/wp-json\/wp\/v2\/media?parent=7486"}],"wp:term":[{"taxonomy":"brand","embeddable":true,"href":"https:\/\/turkmenexporter.com\/tr\/wp-json\/wp\/v2\/brand?post=7486"},{"taxonomy":"product_cat","embeddable":true,"href":"https:\/\/turkmenexporter.com\/tr\/wp-json\/wp\/v2\/product_cat?post=7486"},{"taxonomy":"product_tag","embeddable":true,"href":"https:\/\/turkmenexporter.com\/tr\/wp-json\/wp\/v2\/product_tag?post=7486"}],"curies":[{"name":"wp","href":"https:\/\/api.w.org\/{rel}","templated":true}]}}