{"id":7487,"date":"2024-04-07T19:10:40","date_gmt":"2024-04-07T14:10:40","guid":{"rendered":"https:\/\/turkmenexporter.com\/product\/bulvar-limon-karbonatli-su\/"},"modified":"2024-09-17T19:28:19","modified_gmt":"2024-09-17T14:28:19","slug":"bulvar-limon-karbonatli-su","status":"publish","type":"product","link":"https:\/\/turkmenexporter.com\/tr\/urun\/bulvar-limon-karbonatli-su\/","title":{"rendered":"Bulvar limonlu gazl\u0131 su"},"content":{"rendered":"<p>\u0130\u00e7indekiler: ar\u0131t\u0131lm\u0131\u015f i\u00e7me suyu, karbondioksit (E290), &#8220;Limon&#8221; aromas\u0131. Mineralizasyon 100 mg\/dm\u00b3. Toplam sertlik en fazla 1,7 mol\/dm\u00b3. Saklama ko\u015fullar\u0131 5\u00b0C ila 20\u00b0C. Paket tipi pet \u015fi\u015fe.<\/p>\n<p>Birim boyutu W\/H: 6\/23,5 sm<\/p>\n<p>Blok a\u011f\u0131rl\u0131\u011f\u0131: 6,225 kgBirim boyutu W\/H: 6\/23,5 sm <\/p>\n<p>Raf \u00f6mr\u00fc: 180 g\u00fcn<\/p>\n","protected":false},"excerpt":{"rendered":"<p>Limon aromal\u0131 karbonatl\u0131 su 500 ml<\/p>\n<p>Bir blokta 12 \u015fi\u015fe. Bir palette 114 blok.<\/p>\n","protected":false},"featured_media":7124,"comment_status":"open","ping_status":"closed","template":"","meta":{"_acf_changed":false},"brand":[603],"product_cat":[629],"product_tag":[852],"class_list":{"0":"post-7487","1":"product","2":"type-product","3":"status-publish","4":"has-post-thumbnail","6":"brand-yupekchi","7":"product_cat-icecekler","8":"product_tag-front-product-tr","10":"first","11":"instock","12":"shipping-taxable","13":"purchasable","14":"product-type-simple"},"acf":[],"_links":{"self":[{"href":"https:\/\/turkmenexporter.com\/tr\/wp-json\/wp\/v2\/product\/7487","targetHints":{"allow":["GET"]}}],"collection":[{"href":"https:\/\/turkmenexporter.com\/tr\/wp-json\/wp\/v2\/product"}],"about":[{"href":"https:\/\/turkmenexporter.com\/tr\/wp-json\/wp\/v2\/types\/product"}],"replies":[{"embeddable":true,"href":"https:\/\/turkmenexporter.com\/tr\/wp-json\/wp\/v2\/comments?post=7487"}],"version-history":[{"count":1,"href":"https:\/\/turkmenexporter.com\/tr\/wp-json\/wp\/v2\/product\/7487\/revisions"}],"predecessor-version":[{"id":10241,"href":"https:\/\/turkmenexporter.com\/tr\/wp-json\/wp\/v2\/product\/7487\/revisions\/10241"}],"wp:featuredmedia":[{"embeddable":true,"href":"https:\/\/turkmenexporter.com\/tr\/wp-json\/wp\/v2\/media\/7124"}],"wp:attachment":[{"href":"https:\/\/turkmenexporter.com\/tr\/wp-json\/wp\/v2\/media?parent=7487"}],"wp:term":[{"taxonomy":"brand","embeddable":true,"href":"https:\/\/turkmenexporter.com\/tr\/wp-json\/wp\/v2\/brand?post=7487"},{"taxonomy":"product_cat","embeddable":true,"href":"https:\/\/turkmenexporter.com\/tr\/wp-json\/wp\/v2\/product_cat?post=7487"},{"taxonomy":"product_tag","embeddable":true,"href":"https:\/\/turkmenexporter.com\/tr\/wp-json\/wp\/v2\/product_tag?post=7487"}],"curies":[{"name":"wp","href":"https:\/\/api.w.org\/{rel}","templated":true}]}}