{"id":7488,"date":"2024-04-07T19:10:49","date_gmt":"2024-04-07T14:10:49","guid":{"rendered":"https:\/\/turkmenexporter.com\/product\/buzz-siyah-cay\/"},"modified":"2024-09-23T18:38:36","modified_gmt":"2024-09-23T13:38:36","slug":"buzz-siyah-cay","status":"publish","type":"product","link":"https:\/\/turkmenexporter.com\/tr\/urun\/buzz-siyah-cay\/","title":{"rendered":"Buzz siyah \u00e7ay"},"content":{"rendered":"<ul>\n<li>Birim boyutu W\/H: 5,5\/19 sm<\/li>\n<li>Blok a\u011f\u0131rl\u0131\u011f\u0131: 4,970 kg<\/li>\n<li>Raf \u00f6mr\u00fc: 180 g\u00fcn.<\/li>\n<\/ul>\n","protected":false},"excerpt":{"rendered":"<p>Siyah \u00e7ay 400 ml 12 \u015fi\u015fe bir blokta. Bir palette 175 blok.<\/p>\n","protected":false},"featured_media":7148,"comment_status":"open","ping_status":"closed","template":"","meta":{"_acf_changed":false},"brand":[603],"product_cat":[629],"product_tag":[],"class_list":{"0":"post-7488","1":"product","2":"type-product","3":"status-publish","4":"has-post-thumbnail","6":"brand-yupekchi","7":"product_cat-icecekler","9":"first","10":"instock","11":"shipping-taxable","12":"purchasable","13":"product-type-variable","14":"has-default-attributes"},"acf":[],"_links":{"self":[{"href":"https:\/\/turkmenexporter.com\/tr\/wp-json\/wp\/v2\/product\/7488","targetHints":{"allow":["GET"]}}],"collection":[{"href":"https:\/\/turkmenexporter.com\/tr\/wp-json\/wp\/v2\/product"}],"about":[{"href":"https:\/\/turkmenexporter.com\/tr\/wp-json\/wp\/v2\/types\/product"}],"replies":[{"embeddable":true,"href":"https:\/\/turkmenexporter.com\/tr\/wp-json\/wp\/v2\/comments?post=7488"}],"version-history":[{"count":2,"href":"https:\/\/turkmenexporter.com\/tr\/wp-json\/wp\/v2\/product\/7488\/revisions"}],"predecessor-version":[{"id":10835,"href":"https:\/\/turkmenexporter.com\/tr\/wp-json\/wp\/v2\/product\/7488\/revisions\/10835"}],"wp:featuredmedia":[{"embeddable":true,"href":"https:\/\/turkmenexporter.com\/tr\/wp-json\/wp\/v2\/media\/7148"}],"wp:attachment":[{"href":"https:\/\/turkmenexporter.com\/tr\/wp-json\/wp\/v2\/media?parent=7488"}],"wp:term":[{"taxonomy":"brand","embeddable":true,"href":"https:\/\/turkmenexporter.com\/tr\/wp-json\/wp\/v2\/brand?post=7488"},{"taxonomy":"product_cat","embeddable":true,"href":"https:\/\/turkmenexporter.com\/tr\/wp-json\/wp\/v2\/product_cat?post=7488"},{"taxonomy":"product_tag","embeddable":true,"href":"https:\/\/turkmenexporter.com\/tr\/wp-json\/wp\/v2\/product_tag?post=7488"}],"curies":[{"name":"wp","href":"https:\/\/api.w.org\/{rel}","templated":true}]}}