{"id":7496,"date":"2024-04-07T19:10:49","date_gmt":"2024-04-07T14:10:49","guid":{"rendered":"https:\/\/turkmenexporter.com\/product\/pokgi-meyve-suyu\/"},"modified":"2024-09-17T19:28:18","modified_gmt":"2024-09-17T14:28:18","slug":"pokgi-meyve-suyu","status":"publish","type":"product","link":"https:\/\/turkmenexporter.com\/tr\/urun\/pokgi-meyve-suyu\/","title":{"rendered":"Pokgi meyve suyu"},"content":{"rendered":"<ul>\n<li>Birim boyutu W\/H: 3,8\/12 sm<\/li>\n<li>Blok a\u011f\u0131rl\u0131\u011f\u0131: 5,350 kg<\/li>\n<li>Raf \u00f6mr\u00fc: 12 ay.<\/li>\n<\/ul>\n","protected":false},"excerpt":{"rendered":"<p>\u00c7ocuklar i\u00e7in meyve suyu 200 ml<\/p>\n<p>Bir blokta 24 paket. Bir palette 210 blok.<\/p>\n","protected":false},"featured_media":7280,"comment_status":"open","ping_status":"closed","template":"","meta":{"_acf_changed":false},"brand":[603],"product_cat":[629],"product_tag":[852],"class_list":{"0":"post-7496","1":"product","2":"type-product","3":"status-publish","4":"has-post-thumbnail","6":"brand-yupekchi","7":"product_cat-icecekler","8":"product_tag-front-product-tr","10":"first","11":"instock","12":"shipping-taxable","13":"purchasable","14":"product-type-variable","15":"has-default-attributes"},"acf":[],"_links":{"self":[{"href":"https:\/\/turkmenexporter.com\/tr\/wp-json\/wp\/v2\/product\/7496","targetHints":{"allow":["GET"]}}],"collection":[{"href":"https:\/\/turkmenexporter.com\/tr\/wp-json\/wp\/v2\/product"}],"about":[{"href":"https:\/\/turkmenexporter.com\/tr\/wp-json\/wp\/v2\/types\/product"}],"replies":[{"embeddable":true,"href":"https:\/\/turkmenexporter.com\/tr\/wp-json\/wp\/v2\/comments?post=7496"}],"version-history":[{"count":1,"href":"https:\/\/turkmenexporter.com\/tr\/wp-json\/wp\/v2\/product\/7496\/revisions"}],"predecessor-version":[{"id":8090,"href":"https:\/\/turkmenexporter.com\/tr\/wp-json\/wp\/v2\/product\/7496\/revisions\/8090"}],"wp:featuredmedia":[{"embeddable":true,"href":"https:\/\/turkmenexporter.com\/tr\/wp-json\/wp\/v2\/media\/7280"}],"wp:attachment":[{"href":"https:\/\/turkmenexporter.com\/tr\/wp-json\/wp\/v2\/media?parent=7496"}],"wp:term":[{"taxonomy":"brand","embeddable":true,"href":"https:\/\/turkmenexporter.com\/tr\/wp-json\/wp\/v2\/brand?post=7496"},{"taxonomy":"product_cat","embeddable":true,"href":"https:\/\/turkmenexporter.com\/tr\/wp-json\/wp\/v2\/product_cat?post=7496"},{"taxonomy":"product_tag","embeddable":true,"href":"https:\/\/turkmenexporter.com\/tr\/wp-json\/wp\/v2\/product_tag?post=7496"}],"curies":[{"name":"wp","href":"https:\/\/api.w.org\/{rel}","templated":true}]}}