{"id":7509,"date":"2024-04-07T19:10:50","date_gmt":"2024-04-07T14:10:50","guid":{"rendered":"https:\/\/turkmenexporter.com\/product\/buzz-yesil-cay-limon\/"},"modified":"2024-09-17T19:28:15","modified_gmt":"2024-09-17T14:28:15","slug":"buzz-yesil-cay-limon","status":"publish","type":"product","link":"https:\/\/turkmenexporter.com\/tr\/urun\/buzz-yesil-cay-limon\/","title":{"rendered":"Buzz ye\u015fil \u00e7ay limon"},"content":{"rendered":"<p>\u0130\u00e7indekiler: Su, \u015feker, tatland\u0131r\u0131c\u0131 ases\u00fclfam potasyum (E950), do\u011fala \u00f6zde\u015f aroma &#8220;Hint ye\u015fil \u00e7ay\u0131&#8221;, &#8220;Limon&#8221;, asitlik d\u00fczenleyici sitrik asit (E330), do\u011fal g\u0131da boyas\u0131 \u015feker coller (E150d). Koruyucular: sodyum benzoat (E211), potasyum sorbat (E202). Saklama ko\u015fullar\u0131 0\u00b0C ila 18\u00b0C. Paket tipi pet \u015fi\u015fe.<\/p>\n<p>Birim boyutu W\/H: 5,5\/19 sm<\/p>\n<p>Blok a\u011f\u0131rl\u0131\u011f\u0131: 4,970 kg<\/p>\n<p>Raf \u00f6mr\u00fc: 180 g\u00fcn<\/p>\n","protected":false},"excerpt":{"rendered":"<p>Limon aromal\u0131 ye\u015fil \u00e7ay 400 ml<\/p>\n<p>Bir blokta 12 \u015fi\u015fe. Bir palette 175 blok.<\/p>\n","protected":false},"featured_media":7154,"comment_status":"open","ping_status":"closed","template":"","meta":{"_acf_changed":false},"brand":[603],"product_cat":[629],"product_tag":[852],"class_list":{"0":"post-7509","1":"product","2":"type-product","3":"status-publish","4":"has-post-thumbnail","6":"brand-yupekchi","7":"product_cat-icecekler","8":"product_tag-front-product-tr","10":"first","11":"instock","12":"shipping-taxable","13":"purchasable","14":"product-type-simple"},"acf":[],"_links":{"self":[{"href":"https:\/\/turkmenexporter.com\/tr\/wp-json\/wp\/v2\/product\/7509","targetHints":{"allow":["GET"]}}],"collection":[{"href":"https:\/\/turkmenexporter.com\/tr\/wp-json\/wp\/v2\/product"}],"about":[{"href":"https:\/\/turkmenexporter.com\/tr\/wp-json\/wp\/v2\/types\/product"}],"replies":[{"embeddable":true,"href":"https:\/\/turkmenexporter.com\/tr\/wp-json\/wp\/v2\/comments?post=7509"}],"version-history":[{"count":1,"href":"https:\/\/turkmenexporter.com\/tr\/wp-json\/wp\/v2\/product\/7509\/revisions"}],"predecessor-version":[{"id":8085,"href":"https:\/\/turkmenexporter.com\/tr\/wp-json\/wp\/v2\/product\/7509\/revisions\/8085"}],"wp:featuredmedia":[{"embeddable":true,"href":"https:\/\/turkmenexporter.com\/tr\/wp-json\/wp\/v2\/media\/7154"}],"wp:attachment":[{"href":"https:\/\/turkmenexporter.com\/tr\/wp-json\/wp\/v2\/media?parent=7509"}],"wp:term":[{"taxonomy":"brand","embeddable":true,"href":"https:\/\/turkmenexporter.com\/tr\/wp-json\/wp\/v2\/brand?post=7509"},{"taxonomy":"product_cat","embeddable":true,"href":"https:\/\/turkmenexporter.com\/tr\/wp-json\/wp\/v2\/product_cat?post=7509"},{"taxonomy":"product_tag","embeddable":true,"href":"https:\/\/turkmenexporter.com\/tr\/wp-json\/wp\/v2\/product_tag?post=7509"}],"curies":[{"name":"wp","href":"https:\/\/api.w.org\/{rel}","templated":true}]}}