{"id":7987,"date":"2024-05-21T21:29:42","date_gmt":"2024-05-21T16:29:42","guid":{"rendered":"https:\/\/turkmenexporter.com\/product\/seftali-suyu-yedigen\/"},"modified":"2024-09-17T19:28:13","modified_gmt":"2024-09-17T14:28:13","slug":"seftali-suyu-yedigen","status":"publish","type":"product","link":"https:\/\/turkmenexporter.com\/tr\/urun\/seftali-suyu-yedigen\/","title":{"rendered":"\u015eeftali suyu Yedigen"},"content":{"rendered":"<p>Yedigen \u015feftali suyu. \u0130\u00e7indekiler: ar\u0131t\u0131lm\u0131\u015f i\u00e7me suyu, \u015feker, konsantre elma suyu, sitrik asit E330, aroma em\u00fclsiyonu &#8220;\u015eeftali&#8221;, n\u00f6tr em\u00fclsiyon, ases\u00fclfam E950, aspartam E951, sakarin E954, Arap zamk\u0131 E414, ksantan zamk\u0131 E415. Saklama ko\u015fullar\u0131 +2\u00b0C ila +25\u00b0C. Ambalaj tipi Aseptik Pak.<\/p>\n<ul>\n<li>Birim boyutu G\/Y: 9\/21,3 cm<\/li>\n<li>Blok a\u011f\u0131rl\u0131\u011f\u0131: 13,035 kg<\/li>\n<li>Raf \u00f6mr\u00fc: 12 ay.<\/li>\n<\/ul>\n","protected":false},"excerpt":{"rendered":"<p>Konsantre meyve suyundan suland\u0131r\u0131lm\u0131\u015f \u015feftali suyu i\u00e7ece\u011fi 1000 ml<\/p>\n<p>Bir blokta 12 paket. Bir palette 78 blok.<\/p>\n","protected":false},"featured_media":7334,"comment_status":"open","ping_status":"closed","template":"","meta":{"_acf_changed":false},"brand":[603],"product_cat":[629],"product_tag":[],"class_list":{"0":"post-7987","1":"product","2":"type-product","3":"status-publish","4":"has-post-thumbnail","6":"brand-yupekchi","7":"product_cat-icecekler","9":"first","10":"instock","11":"shipping-taxable","12":"purchasable","13":"product-type-simple"},"acf":[],"_links":{"self":[{"href":"https:\/\/turkmenexporter.com\/tr\/wp-json\/wp\/v2\/product\/7987","targetHints":{"allow":["GET"]}}],"collection":[{"href":"https:\/\/turkmenexporter.com\/tr\/wp-json\/wp\/v2\/product"}],"about":[{"href":"https:\/\/turkmenexporter.com\/tr\/wp-json\/wp\/v2\/types\/product"}],"replies":[{"embeddable":true,"href":"https:\/\/turkmenexporter.com\/tr\/wp-json\/wp\/v2\/comments?post=7987"}],"version-history":[{"count":1,"href":"https:\/\/turkmenexporter.com\/tr\/wp-json\/wp\/v2\/product\/7987\/revisions"}],"predecessor-version":[{"id":8069,"href":"https:\/\/turkmenexporter.com\/tr\/wp-json\/wp\/v2\/product\/7987\/revisions\/8069"}],"wp:featuredmedia":[{"embeddable":true,"href":"https:\/\/turkmenexporter.com\/tr\/wp-json\/wp\/v2\/media\/7334"}],"wp:attachment":[{"href":"https:\/\/turkmenexporter.com\/tr\/wp-json\/wp\/v2\/media?parent=7987"}],"wp:term":[{"taxonomy":"brand","embeddable":true,"href":"https:\/\/turkmenexporter.com\/tr\/wp-json\/wp\/v2\/brand?post=7987"},{"taxonomy":"product_cat","embeddable":true,"href":"https:\/\/turkmenexporter.com\/tr\/wp-json\/wp\/v2\/product_cat?post=7987"},{"taxonomy":"product_tag","embeddable":true,"href":"https:\/\/turkmenexporter.com\/tr\/wp-json\/wp\/v2\/product_tag?post=7987"}],"curies":[{"name":"wp","href":"https:\/\/api.w.org\/{rel}","templated":true}]}}