{"id":8245,"date":"2024-05-24T04:37:05","date_gmt":"2024-05-23T23:37:05","guid":{"rendered":"https:\/\/turkmenexporter.com\/product\/beyaz-cikolata-bubbly\/"},"modified":"2024-09-17T19:28:07","modified_gmt":"2024-09-17T14:28:07","slug":"beyaz-cikolata-bubbly","status":"publish","type":"product","link":"https:\/\/turkmenexporter.com\/tr\/urun\/beyaz-cikolata-bubbly\/","title":{"rendered":"Beyaz \u00e7ikolata Bubbly"},"content":{"rendered":"<p>&#8220;Bubbly&#8221; havaland\u0131r\u0131lm\u0131\u015f beyaz \u00e7ikolata. \u0130\u00e7indekiler: \u015eeker, kakao kitlesi, kakao ya\u011f\u0131, tam ya\u011fl\u0131 s\u00fct tozu, ya\u011fs\u0131z s\u00fct tozu, peynir alt\u0131 suyu tozu, s\u00fct ya\u011f\u0131, em\u00fclgat\u00f6r soya lesitini E322, do\u011fal &#8220;Vanillin&#8221; ile \u00f6zde\u015f aroma. Eser miktarda yer f\u0131st\u0131\u011f\u0131 ve di\u011fer kuruyemi\u015fler i\u00e7erebilir. Kakaonun toplam kuru kal\u0131nt\u0131s\u0131n\u0131n i\u00e7eri\u011fi % 27&#8217;den az de\u011fildir, kakao \u00fcr\u00fcnlerinin kuru ya\u011fs\u0131z kal\u0131nt\u0131s\u0131 % 2,5&#8217;ten az de\u011fildir, kuru toplam s\u00fct kal\u0131nt\u0131s\u0131 % 12&#8217;den az de\u011fildir, s\u00fct ya\u011f\u0131 % 2,5&#8217;ten az de\u011fildir. Her 100 g \u00fcr\u00fcn i\u00e7in besin de\u011feri: proteinler &#8211; 5,8 g, ya\u011flar &#8211; 29,0 g, karbonhidratlar &#8211; 59,0 g. Enerji de\u011feri &#8211; 527 kcal. \u00dcretim tarihi ve son kullanma tarihi ambalaj \u00fczerinde belirtilmi\u015ftir. Saklama ko\u015fullar\u0131: +5\u00baC ile +22\u00baC aras\u0131ndaki bir s\u0131cakl\u0131kta ve %70&#8217;ten fazla olmayan ba\u011f\u0131l hava neminde saklay\u0131n. \u00dcr\u00fcnlerimiz domuz ya\u011f\u0131 i\u00e7ermez. \u00dcr\u00fcn sertifikal\u0131d\u0131r. GDO i\u00e7ermez.<\/p>\n<ul>\n<li>Kutu hacmi: 0,03 M3<\/li>\n<li>Kutu br\u00fct a\u011f\u0131rl\u0131\u011f\u0131: 10,2 kg<\/li>\n<li>Raf \u00f6mr\u00fc: 18 ay.<\/li>\n<\/ul>\n","protected":false},"excerpt":{"rendered":"<p>Gazl\u0131 beyaz \u00e7ikolata 90 gr. Bel\u00e7ika Teknolojileri ile \u00fcretilmi\u015ftir.<\/p>\n<p>Bir blokta 20 adet. Bir kutuda 5 blok.<\/p>\n","protected":false},"featured_media":4280,"comment_status":"open","ping_status":"closed","template":"","meta":{"_acf_changed":false},"brand":[268],"product_cat":[325],"product_tag":[852],"class_list":{"0":"post-8245","1":"product","2":"type-product","3":"status-publish","4":"has-post-thumbnail","6":"brand-altyn-yunus-tr","7":"product_cat-cikolata","8":"product_tag-front-product-tr","10":"first","11":"instock","12":"shipping-taxable","13":"purchasable","14":"product-type-simple"},"acf":[],"_links":{"self":[{"href":"https:\/\/turkmenexporter.com\/tr\/wp-json\/wp\/v2\/product\/8245","targetHints":{"allow":["GET"]}}],"collection":[{"href":"https:\/\/turkmenexporter.com\/tr\/wp-json\/wp\/v2\/product"}],"about":[{"href":"https:\/\/turkmenexporter.com\/tr\/wp-json\/wp\/v2\/types\/product"}],"replies":[{"embeddable":true,"href":"https:\/\/turkmenexporter.com\/tr\/wp-json\/wp\/v2\/comments?post=8245"}],"version-history":[{"count":1,"href":"https:\/\/turkmenexporter.com\/tr\/wp-json\/wp\/v2\/product\/8245\/revisions"}],"predecessor-version":[{"id":10190,"href":"https:\/\/turkmenexporter.com\/tr\/wp-json\/wp\/v2\/product\/8245\/revisions\/10190"}],"wp:featuredmedia":[{"embeddable":true,"href":"https:\/\/turkmenexporter.com\/tr\/wp-json\/wp\/v2\/media\/4280"}],"wp:attachment":[{"href":"https:\/\/turkmenexporter.com\/tr\/wp-json\/wp\/v2\/media?parent=8245"}],"wp:term":[{"taxonomy":"brand","embeddable":true,"href":"https:\/\/turkmenexporter.com\/tr\/wp-json\/wp\/v2\/brand?post=8245"},{"taxonomy":"product_cat","embeddable":true,"href":"https:\/\/turkmenexporter.com\/tr\/wp-json\/wp\/v2\/product_cat?post=8245"},{"taxonomy":"product_tag","embeddable":true,"href":"https:\/\/turkmenexporter.com\/tr\/wp-json\/wp\/v2\/product_tag?post=8245"}],"curies":[{"name":"wp","href":"https:\/\/api.w.org\/{rel}","templated":true}]}}