{"id":8262,"date":"2024-05-23T08:35:48","date_gmt":"2024-05-23T03:35:48","guid":{"rendered":"https:\/\/turkmenexporter.com\/product\/tutti-frutti-gazli-icecek-7gen\/"},"modified":"2024-09-17T19:28:10","modified_gmt":"2024-09-17T14:28:10","slug":"tutti-frutti-gazli-icecek-7gen","status":"publish","type":"product","link":"https:\/\/turkmenexporter.com\/tr\/urun\/tutti-frutti-gazli-icecek-7gen\/","title":{"rendered":"Tutti Frutti gazl\u0131 i\u00e7ecek 7gen"},"content":{"rendered":"<p>7GEN tutti-frutti alkols\u00fcz gazl\u0131 i\u00e7ecek. \u0130\u00e7indekiler: Ar\u0131t\u0131lm\u0131\u015f i\u00e7me suyu, \u015feker, asitli\u011fi d\u00fczenleyen sitrik asit (E330), i\u00e7ecekleri doyurmak i\u00e7in gaz karbondioksit (E290), &#8220;Yabani \u00e7ilek&#8221; aromas\u0131, koruyucu sodyum benzoat (E211), stabilizat\u00f6r: sodyum sitrat (E331), tatland\u0131r\u0131c\u0131lar: aspartam (E951), ases\u00fclfam potasyum (E950). Saklama ko\u015fullar\u0131 0\u00b0C ila 18\u00b0C. Paket tipi pet \u015fi\u015fe.<\/p>\n<ul>\n<li>Birim boyutu W\/H: 8\/32,5 sm<\/li>\n<li>Blok a\u011f\u0131rl\u0131\u011f\u0131: 9,160 kg<\/li>\n<li>Raf \u00f6mr\u00fc: 180 g\u00fcn.<\/li>\n<\/ul>\n","protected":false},"excerpt":{"rendered":"<p>Gazl\u0131 Tutti Frutti i\u00e7ece\u011fi 1500 ml<\/p>\n<p>Bir blokta 6 \u015fi\u015fe. Bir palette 105 blok.<\/p>\n","protected":false},"featured_media":7040,"comment_status":"open","ping_status":"closed","template":"","meta":{"_acf_changed":false},"brand":[603],"product_cat":[629],"product_tag":[],"class_list":{"0":"post-8262","1":"product","2":"type-product","3":"status-publish","4":"has-post-thumbnail","6":"brand-yupekchi","7":"product_cat-icecekler","9":"first","10":"instock","11":"shipping-taxable","12":"purchasable","13":"product-type-simple"},"acf":[],"_links":{"self":[{"href":"https:\/\/turkmenexporter.com\/tr\/wp-json\/wp\/v2\/product\/8262","targetHints":{"allow":["GET"]}}],"collection":[{"href":"https:\/\/turkmenexporter.com\/tr\/wp-json\/wp\/v2\/product"}],"about":[{"href":"https:\/\/turkmenexporter.com\/tr\/wp-json\/wp\/v2\/types\/product"}],"replies":[{"embeddable":true,"href":"https:\/\/turkmenexporter.com\/tr\/wp-json\/wp\/v2\/comments?post=8262"}],"version-history":[{"count":1,"href":"https:\/\/turkmenexporter.com\/tr\/wp-json\/wp\/v2\/product\/8262\/revisions"}],"predecessor-version":[{"id":10211,"href":"https:\/\/turkmenexporter.com\/tr\/wp-json\/wp\/v2\/product\/8262\/revisions\/10211"}],"wp:featuredmedia":[{"embeddable":true,"href":"https:\/\/turkmenexporter.com\/tr\/wp-json\/wp\/v2\/media\/7040"}],"wp:attachment":[{"href":"https:\/\/turkmenexporter.com\/tr\/wp-json\/wp\/v2\/media?parent=8262"}],"wp:term":[{"taxonomy":"brand","embeddable":true,"href":"https:\/\/turkmenexporter.com\/tr\/wp-json\/wp\/v2\/brand?post=8262"},{"taxonomy":"product_cat","embeddable":true,"href":"https:\/\/turkmenexporter.com\/tr\/wp-json\/wp\/v2\/product_cat?post=8262"},{"taxonomy":"product_tag","embeddable":true,"href":"https:\/\/turkmenexporter.com\/tr\/wp-json\/wp\/v2\/product_tag?post=8262"}],"curies":[{"name":"wp","href":"https:\/\/api.w.org\/{rel}","templated":true}]}}