{"id":8265,"date":"2024-05-23T09:25:36","date_gmt":"2024-05-23T04:25:36","guid":{"rendered":"https:\/\/turkmenexporter.com\/product\/karbonatli-maden-suyu-nazli\/"},"modified":"2024-09-17T19:28:08","modified_gmt":"2024-09-17T14:28:08","slug":"karbonatli-maden-suyu-nazli","status":"publish","type":"product","link":"https:\/\/turkmenexporter.com\/tr\/urun\/karbonatli-maden-suyu-nazli\/","title":{"rendered":"Karbonatl\u0131 maden suyu Nazl\u0131"},"content":{"rendered":"<p>Nazl\u0131 mineralli alkols\u00fcz gazl\u0131 i\u00e7ecek. \u0130\u00e7indekiler: ar\u0131t\u0131lm\u0131\u015f i\u00e7me suyu, i\u00e7eceklerin doygunlu\u011fu i\u00e7in gaz karbondioksit E290, do\u011fal mineral kompleksi. Saklama ko\u015fullar\u0131 5\u00b0C ila 20\u00b0C. Paket tipi pet \u015fi\u015fe.<\/p>\n<ul>\n<li>Birim boyutu W\/H: 6\/21,5 sm<\/li>\n<li>Blok a\u011f\u0131rl\u0131\u011f\u0131: 6,190 kg<\/li>\n<li>Raf \u00f6mr\u00fc: 180 g\u00fcn.<\/li>\n<\/ul>\n","protected":false},"excerpt":{"rendered":"<p>Alkols\u00fcz gazl\u0131 mineralli i\u00e7ecek 500 ml<\/p>\n<p>Bir blokta 12 \u015fi\u015fe. Bir palette 150 blok.<\/p>\n","protected":false},"featured_media":7238,"comment_status":"open","ping_status":"closed","template":"","meta":{"_acf_changed":false},"brand":[603],"product_cat":[629],"product_tag":[852],"class_list":{"0":"post-8265","1":"product","2":"type-product","3":"status-publish","4":"has-post-thumbnail","6":"brand-yupekchi","7":"product_cat-icecekler","8":"product_tag-front-product-tr","10":"first","11":"instock","12":"shipping-taxable","13":"purchasable","14":"product-type-simple"},"acf":[],"_links":{"self":[{"href":"https:\/\/turkmenexporter.com\/tr\/wp-json\/wp\/v2\/product\/8265","targetHints":{"allow":["GET"]}}],"collection":[{"href":"https:\/\/turkmenexporter.com\/tr\/wp-json\/wp\/v2\/product"}],"about":[{"href":"https:\/\/turkmenexporter.com\/tr\/wp-json\/wp\/v2\/types\/product"}],"replies":[{"embeddable":true,"href":"https:\/\/turkmenexporter.com\/tr\/wp-json\/wp\/v2\/comments?post=8265"}],"version-history":[{"count":1,"href":"https:\/\/turkmenexporter.com\/tr\/wp-json\/wp\/v2\/product\/8265\/revisions"}],"predecessor-version":[{"id":10196,"href":"https:\/\/turkmenexporter.com\/tr\/wp-json\/wp\/v2\/product\/8265\/revisions\/10196"}],"wp:featuredmedia":[{"embeddable":true,"href":"https:\/\/turkmenexporter.com\/tr\/wp-json\/wp\/v2\/media\/7238"}],"wp:attachment":[{"href":"https:\/\/turkmenexporter.com\/tr\/wp-json\/wp\/v2\/media?parent=8265"}],"wp:term":[{"taxonomy":"brand","embeddable":true,"href":"https:\/\/turkmenexporter.com\/tr\/wp-json\/wp\/v2\/brand?post=8265"},{"taxonomy":"product_cat","embeddable":true,"href":"https:\/\/turkmenexporter.com\/tr\/wp-json\/wp\/v2\/product_cat?post=8265"},{"taxonomy":"product_tag","embeddable":true,"href":"https:\/\/turkmenexporter.com\/tr\/wp-json\/wp\/v2\/product_tag?post=8265"}],"curies":[{"name":"wp","href":"https:\/\/api.w.org\/{rel}","templated":true}]}}