{"id":8488,"date":"2024-05-30T14:21:51","date_gmt":"2024-05-30T09:21:51","guid":{"rendered":"https:\/\/turkmenexporter.com\/product\/domates-ketcabi-dayhan-270-gr\/"},"modified":"2024-09-17T19:28:07","modified_gmt":"2024-09-17T14:28:07","slug":"domates-ketcabi-dayhan-270-gr","status":"publish","type":"product","link":"https:\/\/turkmenexporter.com\/tr\/urun\/domates-ketcabi-dayhan-270-gr\/","title":{"rendered":"Domates ket\u00e7ab\u0131 Dayhan 270 gr"},"content":{"rendered":"<p>\u0130\u00e7indekiler: domates sal\u00e7as\u0131, toz \u015feker, patates ni\u015fastas\u0131, sofra tuzu, koruyucular: potasyum sorbat E202, asetik asit E260, aromatik bitkiler: dereotu, fesle\u011fen, maydanoz. \u00c7\u00f6z\u00fcnebilir kat\u0131lar\u0131n k\u00fctle oran\u0131 %23. 100g besin de\u011feri. \u00fcr\u00fcn: karbonhidratlar &#8211; 24,6 g. Enerji de\u011feri &#8211; 98,4 kcal. 0\u00baC ila 6\u00baC aras\u0131ndaki s\u0131cakl\u0131klarda saklay\u0131n. Raf \u00f6mr\u00fc 6 ayd\u0131r. \u00dcretim tarihi ambalaj \u00fczerinde belirtilmi\u015ftir.<\/p>\n","protected":false},"excerpt":{"rendered":"<p>Bir \u015fi\u015fe domates ket\u00e7ab\u0131 270 gr<br \/>\nBir blokta 24 \u015fi\u015fe<\/p>\n","protected":false},"featured_media":8402,"comment_status":"open","ping_status":"closed","template":"","meta":{"_acf_changed":false},"brand":[673],"product_cat":[679],"product_tag":[852],"class_list":{"0":"post-8488","1":"product","2":"type-product","3":"status-publish","4":"has-post-thumbnail","6":"brand-dayhan-tr","7":"product_cat-domates-ketcabi","8":"product_tag-front-product-tr","10":"first","11":"instock","12":"shipping-taxable","13":"purchasable","14":"product-type-simple"},"acf":[],"_links":{"self":[{"href":"https:\/\/turkmenexporter.com\/tr\/wp-json\/wp\/v2\/product\/8488","targetHints":{"allow":["GET"]}}],"collection":[{"href":"https:\/\/turkmenexporter.com\/tr\/wp-json\/wp\/v2\/product"}],"about":[{"href":"https:\/\/turkmenexporter.com\/tr\/wp-json\/wp\/v2\/types\/product"}],"replies":[{"embeddable":true,"href":"https:\/\/turkmenexporter.com\/tr\/wp-json\/wp\/v2\/comments?post=8488"}],"version-history":[{"count":1,"href":"https:\/\/turkmenexporter.com\/tr\/wp-json\/wp\/v2\/product\/8488\/revisions"}],"predecessor-version":[{"id":10186,"href":"https:\/\/turkmenexporter.com\/tr\/wp-json\/wp\/v2\/product\/8488\/revisions\/10186"}],"wp:featuredmedia":[{"embeddable":true,"href":"https:\/\/turkmenexporter.com\/tr\/wp-json\/wp\/v2\/media\/8402"}],"wp:attachment":[{"href":"https:\/\/turkmenexporter.com\/tr\/wp-json\/wp\/v2\/media?parent=8488"}],"wp:term":[{"taxonomy":"brand","embeddable":true,"href":"https:\/\/turkmenexporter.com\/tr\/wp-json\/wp\/v2\/brand?post=8488"},{"taxonomy":"product_cat","embeddable":true,"href":"https:\/\/turkmenexporter.com\/tr\/wp-json\/wp\/v2\/product_cat?post=8488"},{"taxonomy":"product_tag","embeddable":true,"href":"https:\/\/turkmenexporter.com\/tr\/wp-json\/wp\/v2\/product_tag?post=8488"}],"curies":[{"name":"wp","href":"https:\/\/api.w.org\/{rel}","templated":true}]}}