{"id":8855,"date":"2024-09-02T19:03:54","date_gmt":"2024-09-02T14:03:54","guid":{"rendered":"https:\/\/turkmenexporter.com\/product\/dondurularak-kurutulmus-cilek-erem-kopya\/"},"modified":"2024-09-17T19:28:02","modified_gmt":"2024-09-17T14:28:02","slug":"dondurularak-kurutulmus-cilek-erem-kopya","status":"publish","type":"product","link":"https:\/\/turkmenexporter.com\/tr\/urun\/dondurularak-kurutulmus-cilek-erem-kopya\/","title":{"rendered":"Dondurularak kurutulmu\u015f \u00e7ilek Erem"},"content":{"rendered":"<p>Olgun \u00e7ileklerin do\u011fal tatl\u0131l\u0131\u011f\u0131yla dolup ta\u015fan dondurularak kurutulmu\u015f \u00e7ileklerimiz, g\u00fc\u00e7l\u00fc bir antioksidan olan C vitamini ve kemik sa\u011fl\u0131\u011f\u0131n\u0131 destekleyen K vitamini a\u00e7\u0131s\u0131ndan zengindir. Bu canl\u0131 ve lezzetli \u00e7ilek dilimleri tatl\u0131lara, tah\u0131llara ve at\u0131\u015ft\u0131rmal\u0131klara ho\u015f bir katk\u0131 sa\u011flar, her yeme\u011fe parlakl\u0131k ve tatl\u0131l\u0131k katar. <\/p>\n","protected":false},"excerpt":{"rendered":"<p>Dondurularak kurutulmu\u015f \u00e7ilek dilimleri bir paket i\u00e7inde 20 g.<\/p>\n","protected":false},"featured_media":8818,"comment_status":"open","ping_status":"closed","template":"","meta":{"_acf_changed":false},"brand":[691],"product_cat":[697],"product_tag":[852],"class_list":{"0":"post-8855","1":"product","2":"type-product","3":"status-publish","4":"has-post-thumbnail","6":"brand-erem-tr","7":"product_cat-dondurularak-kurutulmus-urunler","8":"product_tag-front-product-tr","10":"first","11":"instock","12":"shipping-taxable","13":"purchasable","14":"product-type-simple"},"acf":[],"_links":{"self":[{"href":"https:\/\/turkmenexporter.com\/tr\/wp-json\/wp\/v2\/product\/8855","targetHints":{"allow":["GET"]}}],"collection":[{"href":"https:\/\/turkmenexporter.com\/tr\/wp-json\/wp\/v2\/product"}],"about":[{"href":"https:\/\/turkmenexporter.com\/tr\/wp-json\/wp\/v2\/types\/product"}],"replies":[{"embeddable":true,"href":"https:\/\/turkmenexporter.com\/tr\/wp-json\/wp\/v2\/comments?post=8855"}],"version-history":[{"count":1,"href":"https:\/\/turkmenexporter.com\/tr\/wp-json\/wp\/v2\/product\/8855\/revisions"}],"predecessor-version":[{"id":10157,"href":"https:\/\/turkmenexporter.com\/tr\/wp-json\/wp\/v2\/product\/8855\/revisions\/10157"}],"wp:featuredmedia":[{"embeddable":true,"href":"https:\/\/turkmenexporter.com\/tr\/wp-json\/wp\/v2\/media\/8818"}],"wp:attachment":[{"href":"https:\/\/turkmenexporter.com\/tr\/wp-json\/wp\/v2\/media?parent=8855"}],"wp:term":[{"taxonomy":"brand","embeddable":true,"href":"https:\/\/turkmenexporter.com\/tr\/wp-json\/wp\/v2\/brand?post=8855"},{"taxonomy":"product_cat","embeddable":true,"href":"https:\/\/turkmenexporter.com\/tr\/wp-json\/wp\/v2\/product_cat?post=8855"},{"taxonomy":"product_tag","embeddable":true,"href":"https:\/\/turkmenexporter.com\/tr\/wp-json\/wp\/v2\/product_tag?post=8855"}],"curies":[{"name":"wp","href":"https:\/\/api.w.org\/{rel}","templated":true}]}}