{"id":8856,"date":"2024-09-02T19:03:26","date_gmt":"2024-09-02T14:03:26","guid":{"rendered":"https:\/\/turkmenexporter.com\/product\/dondurularak-kurutulmus-elma-erem\/"},"modified":"2024-09-17T19:28:03","modified_gmt":"2024-09-17T14:28:03","slug":"dondurularak-kurutulmus-elma-erem","status":"publish","type":"product","link":"https:\/\/turkmenexporter.com\/tr\/urun\/dondurularak-kurutulmus-elma-erem\/","title":{"rendered":"Dondurularak kurutulmu\u015f elma Erem"},"content":{"rendered":"<p>Dondurularak kurutulmu\u015f elma dilimlerimiz, C vitamini ve diyet lifi ile dolu lezzetli ve besleyici bir at\u0131\u015ft\u0131rmal\u0131kt\u0131r. G\u00f6z sa\u011fl\u0131\u011f\u0131n\u0131 destekleyen A vitamini ile bu \u00e7\u0131t\u0131r elma dilimleri h\u0131zl\u0131, sa\u011fl\u0131kl\u0131 bir at\u0131\u015ft\u0131rmal\u0131k veya favori tariflerinizde ferahlat\u0131c\u0131 bir malzeme olarak m\u00fckemmeldir. Her \u0131s\u0131r\u0131kta elman\u0131n do\u011fal tatl\u0131l\u0131\u011f\u0131n\u0131n ve \u00e7\u0131t\u0131rl\u0131\u011f\u0131n\u0131n tad\u0131n\u0131 \u00e7\u0131kar\u0131n.  <\/p>\n","protected":false},"excerpt":{"rendered":"<p>Dondurularak kurutulmu\u015f elma dilimleri bir paket i\u00e7inde 25 g.<\/p>\n","protected":false},"featured_media":8770,"comment_status":"open","ping_status":"closed","template":"","meta":{"_acf_changed":false},"brand":[691],"product_cat":[697],"product_tag":[],"class_list":{"0":"post-8856","1":"product","2":"type-product","3":"status-publish","4":"has-post-thumbnail","6":"brand-erem-tr","7":"product_cat-dondurularak-kurutulmus-urunler","9":"first","10":"instock","11":"shipping-taxable","12":"purchasable","13":"product-type-simple"},"acf":[],"_links":{"self":[{"href":"https:\/\/turkmenexporter.com\/tr\/wp-json\/wp\/v2\/product\/8856","targetHints":{"allow":["GET"]}}],"collection":[{"href":"https:\/\/turkmenexporter.com\/tr\/wp-json\/wp\/v2\/product"}],"about":[{"href":"https:\/\/turkmenexporter.com\/tr\/wp-json\/wp\/v2\/types\/product"}],"replies":[{"embeddable":true,"href":"https:\/\/turkmenexporter.com\/tr\/wp-json\/wp\/v2\/comments?post=8856"}],"version-history":[{"count":1,"href":"https:\/\/turkmenexporter.com\/tr\/wp-json\/wp\/v2\/product\/8856\/revisions"}],"predecessor-version":[{"id":10162,"href":"https:\/\/turkmenexporter.com\/tr\/wp-json\/wp\/v2\/product\/8856\/revisions\/10162"}],"wp:featuredmedia":[{"embeddable":true,"href":"https:\/\/turkmenexporter.com\/tr\/wp-json\/wp\/v2\/media\/8770"}],"wp:attachment":[{"href":"https:\/\/turkmenexporter.com\/tr\/wp-json\/wp\/v2\/media?parent=8856"}],"wp:term":[{"taxonomy":"brand","embeddable":true,"href":"https:\/\/turkmenexporter.com\/tr\/wp-json\/wp\/v2\/brand?post=8856"},{"taxonomy":"product_cat","embeddable":true,"href":"https:\/\/turkmenexporter.com\/tr\/wp-json\/wp\/v2\/product_cat?post=8856"},{"taxonomy":"product_tag","embeddable":true,"href":"https:\/\/turkmenexporter.com\/tr\/wp-json\/wp\/v2\/product_tag?post=8856"}],"curies":[{"name":"wp","href":"https:\/\/api.w.org\/{rel}","templated":true}]}}