{"id":8857,"date":"2024-09-02T19:12:40","date_gmt":"2024-09-02T14:12:40","guid":{"rendered":"https:\/\/turkmenexporter.com\/product\/dondurularak-kurutulmus-kavun-erem\/"},"modified":"2024-09-17T19:28:02","modified_gmt":"2024-09-17T14:28:02","slug":"dondurularak-kurutulmus-kavun-erem","status":"publish","type":"product","link":"https:\/\/turkmenexporter.com\/tr\/urun\/dondurularak-kurutulmus-kavun-erem\/","title":{"rendered":"Dondurularak kurutulmu\u015f kavun Erem"},"content":{"rendered":"<p>Ba\u011f\u0131\u015f\u0131kl\u0131\u011f\u0131 g\u00fc\u00e7lendirmek i\u00e7in C vitamini ve g\u00f6z sa\u011fl\u0131\u011f\u0131n\u0131 desteklemek i\u00e7in A vitamini kayna\u011f\u0131 olan dondurularak kurutulmu\u015f kavun par\u00e7alar\u0131m\u0131zla kavunun ferahlat\u0131c\u0131 lezzetinin tad\u0131n\u0131 \u00e7\u0131kar\u0131n. Bu \u00e7\u0131t\u0131r \u00e7\u0131t\u0131r, meyveli lezzetler, serinletici i\u00e7ecekler ve tatl\u0131lar haz\u0131rlamak veya t\u00fcm y\u0131l boyunca yaz\u0131n \u00f6z\u00fcn\u00fc yakalayan hafif, sa\u011fl\u0131kl\u0131 bir at\u0131\u015ft\u0131rmal\u0131k olarak tad\u0131n\u0131 \u00e7\u0131karmak i\u00e7in m\u00fckemmeldir. <\/p>\n","protected":false},"excerpt":{"rendered":"<p>Dondurularak kurutulmu\u015f kavun dilimleri bir paket i\u00e7inde 20 g.<\/p>\n","protected":false},"featured_media":8794,"comment_status":"open","ping_status":"closed","template":"","meta":{"_acf_changed":false},"brand":[691],"product_cat":[697],"product_tag":[],"class_list":{"0":"post-8857","1":"product","2":"type-product","3":"status-publish","4":"has-post-thumbnail","6":"brand-erem-tr","7":"product_cat-dondurularak-kurutulmus-urunler","9":"first","10":"instock","11":"shipping-taxable","12":"purchasable","13":"product-type-simple"},"acf":[],"_links":{"self":[{"href":"https:\/\/turkmenexporter.com\/tr\/wp-json\/wp\/v2\/product\/8857","targetHints":{"allow":["GET"]}}],"collection":[{"href":"https:\/\/turkmenexporter.com\/tr\/wp-json\/wp\/v2\/product"}],"about":[{"href":"https:\/\/turkmenexporter.com\/tr\/wp-json\/wp\/v2\/types\/product"}],"replies":[{"embeddable":true,"href":"https:\/\/turkmenexporter.com\/tr\/wp-json\/wp\/v2\/comments?post=8857"}],"version-history":[{"count":1,"href":"https:\/\/turkmenexporter.com\/tr\/wp-json\/wp\/v2\/product\/8857\/revisions"}],"predecessor-version":[{"id":10153,"href":"https:\/\/turkmenexporter.com\/tr\/wp-json\/wp\/v2\/product\/8857\/revisions\/10153"}],"wp:featuredmedia":[{"embeddable":true,"href":"https:\/\/turkmenexporter.com\/tr\/wp-json\/wp\/v2\/media\/8794"}],"wp:attachment":[{"href":"https:\/\/turkmenexporter.com\/tr\/wp-json\/wp\/v2\/media?parent=8857"}],"wp:term":[{"taxonomy":"brand","embeddable":true,"href":"https:\/\/turkmenexporter.com\/tr\/wp-json\/wp\/v2\/brand?post=8857"},{"taxonomy":"product_cat","embeddable":true,"href":"https:\/\/turkmenexporter.com\/tr\/wp-json\/wp\/v2\/product_cat?post=8857"},{"taxonomy":"product_tag","embeddable":true,"href":"https:\/\/turkmenexporter.com\/tr\/wp-json\/wp\/v2\/product_tag?post=8857"}],"curies":[{"name":"wp","href":"https:\/\/api.w.org\/{rel}","templated":true}]}}