{"id":8859,"date":"2024-09-02T19:31:10","date_gmt":"2024-09-02T14:31:10","guid":{"rendered":"https:\/\/turkmenexporter.com\/product\/dondurularak-kurutulmus-muz-erem\/"},"modified":"2024-09-17T19:28:01","modified_gmt":"2024-09-17T14:28:01","slug":"dondurularak-kurutulmus-muz-erem","status":"publish","type":"product","link":"https:\/\/turkmenexporter.com\/tr\/urun\/dondurularak-kurutulmus-muz-erem\/","title":{"rendered":"Dondurularak kurutulmu\u015f muz Erem"},"content":{"rendered":"<p>Lezzet ve besin a\u00e7\u0131s\u0131ndan zengin olan dondurularak kurutulmu\u015f muz dilimlerimiz, ba\u011f\u0131\u015f\u0131kl\u0131k deste\u011fi i\u00e7in C vitamini ve sinir sistemi sa\u011fl\u0131\u011f\u0131 i\u00e7in B6 vitamini deste\u011fi sunar. Bu \u00e7\u0131t\u0131r muz dilimleri tatl\u0131lar, smoothie&#8217;ler veya h\u0131zl\u0131, enerji verici bir at\u0131\u015ft\u0131rmal\u0131k i\u00e7in m\u00fckemmel bir se\u00e7imdir ve do\u011fal olarak tatl\u0131 ve tatmin edici bir deneyim sa\u011flar. <\/p>\n","protected":false},"excerpt":{"rendered":"<p>Dondurularak kurutulmu\u015f muz dilimleri bir paket i\u00e7inde 25 g.<\/p>\n","protected":false},"featured_media":8782,"comment_status":"open","ping_status":"closed","template":"","meta":{"_acf_changed":false},"brand":[691],"product_cat":[697],"product_tag":[],"class_list":{"0":"post-8859","1":"product","2":"type-product","3":"status-publish","4":"has-post-thumbnail","6":"brand-erem-tr","7":"product_cat-dondurularak-kurutulmus-urunler","9":"first","10":"instock","11":"shipping-taxable","12":"purchasable","13":"product-type-simple"},"acf":[],"_links":{"self":[{"href":"https:\/\/turkmenexporter.com\/tr\/wp-json\/wp\/v2\/product\/8859","targetHints":{"allow":["GET"]}}],"collection":[{"href":"https:\/\/turkmenexporter.com\/tr\/wp-json\/wp\/v2\/product"}],"about":[{"href":"https:\/\/turkmenexporter.com\/tr\/wp-json\/wp\/v2\/types\/product"}],"replies":[{"embeddable":true,"href":"https:\/\/turkmenexporter.com\/tr\/wp-json\/wp\/v2\/comments?post=8859"}],"version-history":[{"count":1,"href":"https:\/\/turkmenexporter.com\/tr\/wp-json\/wp\/v2\/product\/8859\/revisions"}],"predecessor-version":[{"id":10148,"href":"https:\/\/turkmenexporter.com\/tr\/wp-json\/wp\/v2\/product\/8859\/revisions\/10148"}],"wp:featuredmedia":[{"embeddable":true,"href":"https:\/\/turkmenexporter.com\/tr\/wp-json\/wp\/v2\/media\/8782"}],"wp:attachment":[{"href":"https:\/\/turkmenexporter.com\/tr\/wp-json\/wp\/v2\/media?parent=8859"}],"wp:term":[{"taxonomy":"brand","embeddable":true,"href":"https:\/\/turkmenexporter.com\/tr\/wp-json\/wp\/v2\/brand?post=8859"},{"taxonomy":"product_cat","embeddable":true,"href":"https:\/\/turkmenexporter.com\/tr\/wp-json\/wp\/v2\/product_cat?post=8859"},{"taxonomy":"product_tag","embeddable":true,"href":"https:\/\/turkmenexporter.com\/tr\/wp-json\/wp\/v2\/product_tag?post=8859"}],"curies":[{"name":"wp","href":"https:\/\/api.w.org\/{rel}","templated":true}]}}