{"id":8860,"date":"2024-09-02T19:36:47","date_gmt":"2024-09-02T14:36:47","guid":{"rendered":"https:\/\/turkmenexporter.com\/product\/dondurularak-kurutulmus-seftali-erem\/"},"modified":"2024-09-17T19:28:00","modified_gmt":"2024-09-17T14:28:00","slug":"dondurularak-kurutulmus-seftali-erem","status":"publish","type":"product","link":"https:\/\/turkmenexporter.com\/tr\/urun\/dondurularak-kurutulmus-seftali-erem\/","title":{"rendered":"Dondurularak kurutulmu\u015f \u015feftali Erem"},"content":{"rendered":"<p>Sa\u011fl\u0131kl\u0131 bir cilt i\u00e7in A vitamini ve ba\u011f\u0131\u015f\u0131kl\u0131k sisteminizi desteklemek i\u00e7in C vitamini ile dolu dondurularak kurutulmu\u015f \u015feftali dilimlerimizin tatl\u0131 ve keskin lezzetinin tad\u0131n\u0131 \u00e7\u0131kar\u0131n. Bu \u00e7ok y\u00f6nl\u00fc \u015feftali dilimleri tariflerinizi zenginle\u015ftirmek i\u00e7in kullan\u0131labilir, sadece besleyici de\u011fil ayn\u0131 zamanda duyular\u0131 da memnun eden yemekler yarat\u0131r. At\u0131\u015ft\u0131rmak, f\u0131r\u0131nlamak veya en sevdi\u011finiz yemeklere meyveli bir dokunu\u015f eklemek i\u00e7in m\u00fckemmeldir.  <\/p>\n","protected":false},"excerpt":{"rendered":"<p>Dondurularak kurutulmu\u015f \u015feftali dilimleri bir paket i\u00e7inde 25 g.<\/p>\n","protected":false},"featured_media":8806,"comment_status":"open","ping_status":"closed","template":"","meta":{"_acf_changed":false},"brand":[691],"product_cat":[697],"product_tag":[],"class_list":{"0":"post-8860","1":"product","2":"type-product","3":"status-publish","4":"has-post-thumbnail","6":"brand-erem-tr","7":"product_cat-dondurularak-kurutulmus-urunler","9":"first","10":"instock","11":"shipping-taxable","12":"purchasable","13":"product-type-simple"},"acf":[],"_links":{"self":[{"href":"https:\/\/turkmenexporter.com\/tr\/wp-json\/wp\/v2\/product\/8860","targetHints":{"allow":["GET"]}}],"collection":[{"href":"https:\/\/turkmenexporter.com\/tr\/wp-json\/wp\/v2\/product"}],"about":[{"href":"https:\/\/turkmenexporter.com\/tr\/wp-json\/wp\/v2\/types\/product"}],"replies":[{"embeddable":true,"href":"https:\/\/turkmenexporter.com\/tr\/wp-json\/wp\/v2\/comments?post=8860"}],"version-history":[{"count":1,"href":"https:\/\/turkmenexporter.com\/tr\/wp-json\/wp\/v2\/product\/8860\/revisions"}],"predecessor-version":[{"id":10143,"href":"https:\/\/turkmenexporter.com\/tr\/wp-json\/wp\/v2\/product\/8860\/revisions\/10143"}],"wp:featuredmedia":[{"embeddable":true,"href":"https:\/\/turkmenexporter.com\/tr\/wp-json\/wp\/v2\/media\/8806"}],"wp:attachment":[{"href":"https:\/\/turkmenexporter.com\/tr\/wp-json\/wp\/v2\/media?parent=8860"}],"wp:term":[{"taxonomy":"brand","embeddable":true,"href":"https:\/\/turkmenexporter.com\/tr\/wp-json\/wp\/v2\/brand?post=8860"},{"taxonomy":"product_cat","embeddable":true,"href":"https:\/\/turkmenexporter.com\/tr\/wp-json\/wp\/v2\/product_cat?post=8860"},{"taxonomy":"product_tag","embeddable":true,"href":"https:\/\/turkmenexporter.com\/tr\/wp-json\/wp\/v2\/product_tag?post=8860"}],"curies":[{"name":"wp","href":"https:\/\/api.w.org\/{rel}","templated":true}]}}