{"id":9075,"date":"2024-09-03T17:33:06","date_gmt":"2024-09-03T12:33:06","guid":{"rendered":"https:\/\/turkmenexporter.com\/product\/hazir-kahve-3u-1-arada-mocha\/"},"modified":"2024-09-17T19:27:51","modified_gmt":"2024-09-17T14:27:51","slug":"hazir-kahve-3u-1-arada-mocha","status":"publish","type":"product","link":"https:\/\/turkmenexporter.com\/tr\/urun\/hazir-kahve-3u-1-arada-mocha\/","title":{"rendered":"Haz\u0131r kahve 3&#8217;\u00fc 1 arada Mocha"},"content":{"rendered":"<p>\u00c7ikolata aromal\u0131 kahve i\u00e7ece\u011fi. \u0130\u00e7indekiler: haz\u0131r kahve, toz \u015feker, s\u00fcts\u00fcz krema, vanilya aromas\u0131.  GDO&#8217;suz. Saklama ko\u015fullar\u0131: 0\u00b0C ila +20\u00b0C s\u0131cakl\u0131kta ve %75&#8217;ten fazla olmayan ba\u011f\u0131l nemde. Raf \u00f6mr\u00fc: 24 ay <\/p>\n","protected":false},"excerpt":{"rendered":"<p>Haz\u0131r kahve Mocha po\u015fet 20 g. Bir kutuda 20 po\u015fet <\/p>\n","protected":false},"featured_media":8921,"comment_status":"open","ping_status":"closed","template":"","meta":{"_acf_changed":false},"brand":[661],"product_cat":[733],"product_tag":[],"class_list":{"0":"post-9075","1":"product","2":"type-product","3":"status-publish","4":"has-post-thumbnail","6":"brand-markow-coffee-tr","7":"product_cat-kahve","9":"first","10":"instock","11":"shipping-taxable","12":"purchasable","13":"product-type-simple"},"acf":[],"_links":{"self":[{"href":"https:\/\/turkmenexporter.com\/tr\/wp-json\/wp\/v2\/product\/9075","targetHints":{"allow":["GET"]}}],"collection":[{"href":"https:\/\/turkmenexporter.com\/tr\/wp-json\/wp\/v2\/product"}],"about":[{"href":"https:\/\/turkmenexporter.com\/tr\/wp-json\/wp\/v2\/types\/product"}],"replies":[{"embeddable":true,"href":"https:\/\/turkmenexporter.com\/tr\/wp-json\/wp\/v2\/comments?post=9075"}],"version-history":[{"count":1,"href":"https:\/\/turkmenexporter.com\/tr\/wp-json\/wp\/v2\/product\/9075\/revisions"}],"predecessor-version":[{"id":10070,"href":"https:\/\/turkmenexporter.com\/tr\/wp-json\/wp\/v2\/product\/9075\/revisions\/10070"}],"wp:featuredmedia":[{"embeddable":true,"href":"https:\/\/turkmenexporter.com\/tr\/wp-json\/wp\/v2\/media\/8921"}],"wp:attachment":[{"href":"https:\/\/turkmenexporter.com\/tr\/wp-json\/wp\/v2\/media?parent=9075"}],"wp:term":[{"taxonomy":"brand","embeddable":true,"href":"https:\/\/turkmenexporter.com\/tr\/wp-json\/wp\/v2\/brand?post=9075"},{"taxonomy":"product_cat","embeddable":true,"href":"https:\/\/turkmenexporter.com\/tr\/wp-json\/wp\/v2\/product_cat?post=9075"},{"taxonomy":"product_tag","embeddable":true,"href":"https:\/\/turkmenexporter.com\/tr\/wp-json\/wp\/v2\/product_tag?post=9075"}],"curies":[{"name":"wp","href":"https:\/\/api.w.org\/{rel}","templated":true}]}}