{"id":9076,"date":"2024-09-03T17:33:04","date_gmt":"2024-09-03T12:33:04","guid":{"rendered":"https:\/\/turkmenexporter.com\/product\/plastik-bardakta-hazir-kahve-latte\/"},"modified":"2024-09-17T19:27:55","modified_gmt":"2024-09-17T14:27:55","slug":"plastik-bardakta-hazir-kahve-latte","status":"publish","type":"product","link":"https:\/\/turkmenexporter.com\/tr\/urun\/plastik-bardakta-hazir-kahve-latte\/","title":{"rendered":"Plastik bardakta haz\u0131r kahve Latte"},"content":{"rendered":"<p>Plastik bardakta Haz\u0131r Kahve Latte ile kendinizi lattenin p\u00fcr\u00fczs\u00fcz ve kremsi tad\u0131yla \u015f\u0131mart\u0131n. Bu zengin ve kadifemsi kar\u0131\u015f\u0131m, birinci s\u0131n\u0131f kahveyi kremal\u0131 s\u00fctle birle\u015ftirerek haz\u0131rlamas\u0131 kolay, m\u00fckemmel dengeli bir latte yarat\u0131r. Evde, i\u015fte veya hareket halindeyken, sadece birka\u00e7 dakika i\u00e7inde bir lattenin rahatlat\u0131c\u0131 lezzetinin tad\u0131n\u0131 \u00e7\u0131kar\u0131n. Saklama ko\u015fullar\u0131: 0\u00b0C ila +20\u00b0C s\u0131cakl\u0131kta ve %75&#8217;ten fazla olmayan ba\u011f\u0131l nemde. Birim boyutu W\/H: 6\/13 sm Raf \u00f6mr\u00fc: 24 ay    <\/p>\n","protected":false},"excerpt":{"rendered":"<p>Plastik fincanda haz\u0131r kahve Latte 16,5 g. Bir kutuda 175 fincan <\/p>\n","protected":false},"featured_media":8927,"comment_status":"open","ping_status":"closed","template":"","meta":{"_acf_changed":false},"brand":[661],"product_cat":[733],"product_tag":[],"class_list":{"0":"post-9076","1":"product","2":"type-product","3":"status-publish","4":"has-post-thumbnail","6":"brand-markow-coffee-tr","7":"product_cat-kahve","9":"first","10":"instock","11":"shipping-taxable","12":"purchasable","13":"product-type-simple"},"acf":[],"_links":{"self":[{"href":"https:\/\/turkmenexporter.com\/tr\/wp-json\/wp\/v2\/product\/9076","targetHints":{"allow":["GET"]}}],"collection":[{"href":"https:\/\/turkmenexporter.com\/tr\/wp-json\/wp\/v2\/product"}],"about":[{"href":"https:\/\/turkmenexporter.com\/tr\/wp-json\/wp\/v2\/types\/product"}],"replies":[{"embeddable":true,"href":"https:\/\/turkmenexporter.com\/tr\/wp-json\/wp\/v2\/comments?post=9076"}],"version-history":[{"count":1,"href":"https:\/\/turkmenexporter.com\/tr\/wp-json\/wp\/v2\/product\/9076\/revisions"}],"predecessor-version":[{"id":10096,"href":"https:\/\/turkmenexporter.com\/tr\/wp-json\/wp\/v2\/product\/9076\/revisions\/10096"}],"wp:featuredmedia":[{"embeddable":true,"href":"https:\/\/turkmenexporter.com\/tr\/wp-json\/wp\/v2\/media\/8927"}],"wp:attachment":[{"href":"https:\/\/turkmenexporter.com\/tr\/wp-json\/wp\/v2\/media?parent=9076"}],"wp:term":[{"taxonomy":"brand","embeddable":true,"href":"https:\/\/turkmenexporter.com\/tr\/wp-json\/wp\/v2\/brand?post=9076"},{"taxonomy":"product_cat","embeddable":true,"href":"https:\/\/turkmenexporter.com\/tr\/wp-json\/wp\/v2\/product_cat?post=9076"},{"taxonomy":"product_tag","embeddable":true,"href":"https:\/\/turkmenexporter.com\/tr\/wp-json\/wp\/v2\/product_tag?post=9076"}],"curies":[{"name":"wp","href":"https:\/\/api.w.org\/{rel}","templated":true}]}}