{"id":9077,"date":"2024-09-03T17:33:05","date_gmt":"2024-09-03T12:33:05","guid":{"rendered":"https:\/\/turkmenexporter.com\/product\/hazir-kahve-3u-1-arada-cappuccino\/"},"modified":"2024-09-17T19:27:53","modified_gmt":"2024-09-17T14:27:53","slug":"hazir-kahve-3u-1-arada-cappuccino","status":"publish","type":"product","link":"https:\/\/turkmenexporter.com\/tr\/urun\/hazir-kahve-3u-1-arada-cappuccino\/","title":{"rendered":"Haz\u0131r kahve 3&#8217;\u00fc 1 arada Cappuccino"},"content":{"rendered":"<p>Markow Coffee Classic 3&#8217;\u00fc 1 arada haz\u0131r kahve, do\u011fal kahve, s\u00fcts\u00fcz krema ve \u015fekerin bir kar\u0131\u015f\u0131m\u0131d\u0131r. Bu kombinasyon harika ve e\u015fsiz bir tat ve zengin bir aroma verir. Bu kahve i\u00e7ece\u011fi g\u00fcne iyi bir ruh hali i\u00e7inde ba\u015flaman\u0131z i\u00e7in size enerji verecektir. \u0130\u00e7indekiler: do\u011fal kahve, toz \u015feker, s\u00fcts\u00fcz krema.    GDO&#8217;suz. Saklama ko\u015fullar\u0131: 0\u00b0C ila +20\u00b0C s\u0131cakl\u0131kta ve %75&#8217;ten fazla olmayan ba\u011f\u0131l nemde. Raf \u00f6mr\u00fc: 24 ay <\/p>\n","protected":false},"excerpt":{"rendered":"<p>Haz\u0131r kahve Cappuccino po\u015fet 25 g. Bir kutuda 20 po\u015fet <\/p>\n","protected":false},"featured_media":8951,"comment_status":"open","ping_status":"closed","template":"","meta":{"_acf_changed":false},"brand":[661],"product_cat":[733],"product_tag":[852],"class_list":{"0":"post-9077","1":"product","2":"type-product","3":"status-publish","4":"has-post-thumbnail","6":"brand-markow-coffee-tr","7":"product_cat-kahve","8":"product_tag-front-product-tr","10":"first","11":"instock","12":"shipping-taxable","13":"purchasable","14":"product-type-simple"},"acf":[],"_links":{"self":[{"href":"https:\/\/turkmenexporter.com\/tr\/wp-json\/wp\/v2\/product\/9077","targetHints":{"allow":["GET"]}}],"collection":[{"href":"https:\/\/turkmenexporter.com\/tr\/wp-json\/wp\/v2\/product"}],"about":[{"href":"https:\/\/turkmenexporter.com\/tr\/wp-json\/wp\/v2\/types\/product"}],"replies":[{"embeddable":true,"href":"https:\/\/turkmenexporter.com\/tr\/wp-json\/wp\/v2\/comments?post=9077"}],"version-history":[{"count":1,"href":"https:\/\/turkmenexporter.com\/tr\/wp-json\/wp\/v2\/product\/9077\/revisions"}],"predecessor-version":[{"id":10082,"href":"https:\/\/turkmenexporter.com\/tr\/wp-json\/wp\/v2\/product\/9077\/revisions\/10082"}],"wp:featuredmedia":[{"embeddable":true,"href":"https:\/\/turkmenexporter.com\/tr\/wp-json\/wp\/v2\/media\/8951"}],"wp:attachment":[{"href":"https:\/\/turkmenexporter.com\/tr\/wp-json\/wp\/v2\/media?parent=9077"}],"wp:term":[{"taxonomy":"brand","embeddable":true,"href":"https:\/\/turkmenexporter.com\/tr\/wp-json\/wp\/v2\/brand?post=9077"},{"taxonomy":"product_cat","embeddable":true,"href":"https:\/\/turkmenexporter.com\/tr\/wp-json\/wp\/v2\/product_cat?post=9077"},{"taxonomy":"product_tag","embeddable":true,"href":"https:\/\/turkmenexporter.com\/tr\/wp-json\/wp\/v2\/product_tag?post=9077"}],"curies":[{"name":"wp","href":"https:\/\/api.w.org\/{rel}","templated":true}]}}