{"id":9078,"date":"2024-09-03T17:33:05","date_gmt":"2024-09-03T12:33:05","guid":{"rendered":"https:\/\/turkmenexporter.com\/product\/instant-coffee-3-in-1-hazelnut\/"},"modified":"2024-09-17T19:27:53","modified_gmt":"2024-09-17T14:27:53","slug":"instant-coffee-3-in-1-hazelnut","status":"publish","type":"product","link":"https:\/\/turkmenexporter.com\/tr\/urun\/instant-coffee-3-in-1-hazelnut\/","title":{"rendered":"Instant coffee 3 in 1 Hazelnut"},"content":{"rendered":"<p>Markov Coffee 3&#8217;\u00fc 1 arada F\u0131nd\u0131kl\u0131 haz\u0131r kahve &#8211; bu f\u0131nd\u0131kl\u0131 kahve i\u00e7ece\u011fi, harika do\u011fal aromas\u0131yla benzerlerinden ayr\u0131l\u0131r. An\u0131nda haz\u0131rlan\u0131r ve oday\u0131 davetkar bir aroma ile doldurur. \u0130\u00e7indekiler: haz\u0131r kahve, toz \u015feker, s\u00fcts\u00fcz krema, f\u0131nd\u0131k aromas\u0131.   GDO&#8217;suz. Saklama ko\u015fullar\u0131: 0\u00b0C ila +20\u00b0C s\u0131cakl\u0131kta ve %75&#8217;ten fazla olmayan ba\u011f\u0131l nemde. Raf \u00f6mr\u00fc: 24 ay <\/p>\n","protected":false},"excerpt":{"rendered":"<p>Haz\u0131r kahve F\u0131nd\u0131k po\u015feti 20 g. Bir kutuda 20 po\u015fet <\/p>\n","protected":false},"featured_media":8909,"comment_status":"open","ping_status":"closed","template":"","meta":{"_acf_changed":false},"brand":[661],"product_cat":[733],"product_tag":[],"class_list":{"0":"post-9078","1":"product","2":"type-product","3":"status-publish","4":"has-post-thumbnail","6":"brand-markow-coffee-tr","7":"product_cat-kahve","9":"first","10":"instock","11":"shipping-taxable","12":"purchasable","13":"product-type-simple"},"acf":[],"_links":{"self":[{"href":"https:\/\/turkmenexporter.com\/tr\/wp-json\/wp\/v2\/product\/9078","targetHints":{"allow":["GET"]}}],"collection":[{"href":"https:\/\/turkmenexporter.com\/tr\/wp-json\/wp\/v2\/product"}],"about":[{"href":"https:\/\/turkmenexporter.com\/tr\/wp-json\/wp\/v2\/types\/product"}],"replies":[{"embeddable":true,"href":"https:\/\/turkmenexporter.com\/tr\/wp-json\/wp\/v2\/comments?post=9078"}],"version-history":[{"count":1,"href":"https:\/\/turkmenexporter.com\/tr\/wp-json\/wp\/v2\/product\/9078\/revisions"}],"predecessor-version":[{"id":10081,"href":"https:\/\/turkmenexporter.com\/tr\/wp-json\/wp\/v2\/product\/9078\/revisions\/10081"}],"wp:featuredmedia":[{"embeddable":true,"href":"https:\/\/turkmenexporter.com\/tr\/wp-json\/wp\/v2\/media\/8909"}],"wp:attachment":[{"href":"https:\/\/turkmenexporter.com\/tr\/wp-json\/wp\/v2\/media?parent=9078"}],"wp:term":[{"taxonomy":"brand","embeddable":true,"href":"https:\/\/turkmenexporter.com\/tr\/wp-json\/wp\/v2\/brand?post=9078"},{"taxonomy":"product_cat","embeddable":true,"href":"https:\/\/turkmenexporter.com\/tr\/wp-json\/wp\/v2\/product_cat?post=9078"},{"taxonomy":"product_tag","embeddable":true,"href":"https:\/\/turkmenexporter.com\/tr\/wp-json\/wp\/v2\/product_tag?post=9078"}],"curies":[{"name":"wp","href":"https:\/\/api.w.org\/{rel}","templated":true}]}}