{"id":9080,"date":"2024-09-03T17:33:04","date_gmt":"2024-09-03T12:33:04","guid":{"rendered":"https:\/\/turkmenexporter.com\/product\/plastik-bardakta-hazir-kahve-3u-1-arada-mocha\/"},"modified":"2024-09-17T19:27:54","modified_gmt":"2024-09-17T14:27:54","slug":"plastik-bardakta-hazir-kahve-3u-1-arada-mocha","status":"publish","type":"product","link":"https:\/\/turkmenexporter.com\/tr\/urun\/plastik-bardakta-hazir-kahve-3u-1-arada-mocha\/","title":{"rendered":"Plastik bardakta haz\u0131r kahve 3&#8217;\u00fc 1 arada Mocha"},"content":{"rendered":"<p>Plastik bardakta Haz\u0131r Kahve 3&#8217;\u00fc 1 Arada Mocha ile mochan\u0131n zengin ve ho\u015fg\u00f6r\u00fcl\u00fc tad\u0131n\u0131n keyfini \u00e7\u0131kar\u0131n. Bu lezzetli kar\u0131\u015f\u0131m, m\u00fckemmel dengelenmi\u015f bir mocha deneyimi i\u00e7in g\u00fc\u00e7l\u00fc kahve, p\u00fcr\u00fczs\u00fcz krema ve bir par\u00e7a \u00e7ikolatay\u0131 bir araya getirir. Tek porsiyon i\u00e7in uygun \u015fekilde paketlenmi\u015f olan bu \u00fcr\u00fcn, nerede olursan\u0131z olun h\u0131zl\u0131 ve tatmin edici bir kahve molas\u0131 i\u00e7in m\u00fckemmel bir se\u00e7imdir. Her yudumda kahve ve \u00e7ikolata aromalar\u0131n\u0131n uyumlu kar\u0131\u015f\u0131m\u0131n\u0131n tad\u0131n\u0131 \u00e7\u0131kar\u0131n. Saklama ko\u015fullar\u0131: 0\u00b0C ila +20\u00b0C s\u0131cakl\u0131kta ve %75&#8217;ten fazla olmayan ba\u011f\u0131l nemde. Birim boyutu W\/H: 6\/13 sm Raf \u00f6mr\u00fc: 24 ay     <\/p>\n","protected":false},"excerpt":{"rendered":"<p>Haz\u0131r kahve Mocha plastik kapta 14,5 g. Bir kutuda 175 fincan <\/p>\n","protected":false},"featured_media":8957,"comment_status":"open","ping_status":"closed","template":"","meta":{"_acf_changed":false},"brand":[661],"product_cat":[733],"product_tag":[],"class_list":{"0":"post-9080","1":"product","2":"type-product","3":"status-publish","4":"has-post-thumbnail","6":"brand-markow-coffee-tr","7":"product_cat-kahve","9":"first","10":"instock","11":"shipping-taxable","12":"purchasable","13":"product-type-simple"},"acf":[],"_links":{"self":[{"href":"https:\/\/turkmenexporter.com\/tr\/wp-json\/wp\/v2\/product\/9080","targetHints":{"allow":["GET"]}}],"collection":[{"href":"https:\/\/turkmenexporter.com\/tr\/wp-json\/wp\/v2\/product"}],"about":[{"href":"https:\/\/turkmenexporter.com\/tr\/wp-json\/wp\/v2\/types\/product"}],"replies":[{"embeddable":true,"href":"https:\/\/turkmenexporter.com\/tr\/wp-json\/wp\/v2\/comments?post=9080"}],"version-history":[{"count":1,"href":"https:\/\/turkmenexporter.com\/tr\/wp-json\/wp\/v2\/product\/9080\/revisions"}],"predecessor-version":[{"id":10095,"href":"https:\/\/turkmenexporter.com\/tr\/wp-json\/wp\/v2\/product\/9080\/revisions\/10095"}],"wp:featuredmedia":[{"embeddable":true,"href":"https:\/\/turkmenexporter.com\/tr\/wp-json\/wp\/v2\/media\/8957"}],"wp:attachment":[{"href":"https:\/\/turkmenexporter.com\/tr\/wp-json\/wp\/v2\/media?parent=9080"}],"wp:term":[{"taxonomy":"brand","embeddable":true,"href":"https:\/\/turkmenexporter.com\/tr\/wp-json\/wp\/v2\/brand?post=9080"},{"taxonomy":"product_cat","embeddable":true,"href":"https:\/\/turkmenexporter.com\/tr\/wp-json\/wp\/v2\/product_cat?post=9080"},{"taxonomy":"product_tag","embeddable":true,"href":"https:\/\/turkmenexporter.com\/tr\/wp-json\/wp\/v2\/product_tag?post=9080"}],"curies":[{"name":"wp","href":"https:\/\/api.w.org\/{rel}","templated":true}]}}