{"id":9081,"date":"2024-09-03T17:33:02","date_gmt":"2024-09-03T12:33:02","guid":{"rendered":"https:\/\/turkmenexporter.com\/product\/kavrulmus-butun-kahve-cekirdekleri-classico-1-kg\/"},"modified":"2024-09-17T19:27:57","modified_gmt":"2024-09-17T14:27:57","slug":"kavrulmus-butun-kahve-cekirdekleri-classico-1-kg","status":"publish","type":"product","link":"https:\/\/turkmenexporter.com\/tr\/urun\/kavrulmus-butun-kahve-cekirdekleri-classico-1-kg\/","title":{"rendered":"Kavrulmu\u015f b\u00fct\u00fcn kahve \u00e7ekirdekleri Classico 1 kg"},"content":{"rendered":"<p>\u0130\u00e7indekiler: 100 do\u011fal b\u00fct\u00fcn fasulye. \u00d6zenle se\u00e7ilmi\u015f Arabica ve Robusta \u00e7e\u015fitlerinin uyumlu bir kombinasyonudur. Meyvemsi notalar ve belirgin bir a\u011f\u0131zda kalan tat ile hassas bir tatl\u0131 aromaya sahiptir. Saklama ko\u015fullar\u0131: 0\u00b0C ila +20\u00b0C s\u0131cakl\u0131kta ve %75&#8217;ten fazla olmayan ba\u011f\u0131l nemde. Birim boyutu W\/H: 20\/25 sm A\u011f\u0131rl\u0131k: 1 kg Raf \u00f6mr\u00fc: 24 ay    <\/p>\n","protected":false},"excerpt":{"rendered":"<p>50 Arabica %50 Robusta orta kavrulmu\u015f kahve kar\u0131\u015f\u0131m\u0131 1 kg. Kolombiya&#8217;dan do\u011fal b\u00fct\u00fcn \u00e7ekirdekler. <\/p>\n","protected":false},"featured_media":8945,"comment_status":"open","ping_status":"closed","template":"","meta":{"_acf_changed":false},"brand":[661],"product_cat":[733],"product_tag":[852],"class_list":{"0":"post-9081","1":"product","2":"type-product","3":"status-publish","4":"has-post-thumbnail","6":"brand-markow-coffee-tr","7":"product_cat-kahve","8":"product_tag-front-product-tr","10":"first","11":"instock","12":"shipping-taxable","13":"purchasable","14":"product-type-simple"},"acf":[],"_links":{"self":[{"href":"https:\/\/turkmenexporter.com\/tr\/wp-json\/wp\/v2\/product\/9081","targetHints":{"allow":["GET"]}}],"collection":[{"href":"https:\/\/turkmenexporter.com\/tr\/wp-json\/wp\/v2\/product"}],"about":[{"href":"https:\/\/turkmenexporter.com\/tr\/wp-json\/wp\/v2\/types\/product"}],"replies":[{"embeddable":true,"href":"https:\/\/turkmenexporter.com\/tr\/wp-json\/wp\/v2\/comments?post=9081"}],"version-history":[{"count":1,"href":"https:\/\/turkmenexporter.com\/tr\/wp-json\/wp\/v2\/product\/9081\/revisions"}],"predecessor-version":[{"id":10120,"href":"https:\/\/turkmenexporter.com\/tr\/wp-json\/wp\/v2\/product\/9081\/revisions\/10120"}],"wp:featuredmedia":[{"embeddable":true,"href":"https:\/\/turkmenexporter.com\/tr\/wp-json\/wp\/v2\/media\/8945"}],"wp:attachment":[{"href":"https:\/\/turkmenexporter.com\/tr\/wp-json\/wp\/v2\/media?parent=9081"}],"wp:term":[{"taxonomy":"brand","embeddable":true,"href":"https:\/\/turkmenexporter.com\/tr\/wp-json\/wp\/v2\/brand?post=9081"},{"taxonomy":"product_cat","embeddable":true,"href":"https:\/\/turkmenexporter.com\/tr\/wp-json\/wp\/v2\/product_cat?post=9081"},{"taxonomy":"product_tag","embeddable":true,"href":"https:\/\/turkmenexporter.com\/tr\/wp-json\/wp\/v2\/product_tag?post=9081"}],"curies":[{"name":"wp","href":"https:\/\/api.w.org\/{rel}","templated":true}]}}