{"id":9082,"date":"2024-09-03T17:33:03","date_gmt":"2024-09-03T12:33:03","guid":{"rendered":"https:\/\/turkmenexporter.com\/product\/plastik-bardakta-hazir-kahve-3u-1-arada-findik\/"},"modified":"2024-09-17T19:27:56","modified_gmt":"2024-09-17T14:27:56","slug":"plastik-bardakta-hazir-kahve-3u-1-arada-findik","status":"publish","type":"product","link":"https:\/\/turkmenexporter.com\/tr\/urun\/plastik-bardakta-hazir-kahve-3u-1-arada-findik\/","title":{"rendered":"Plastik bardakta haz\u0131r kahve 3&#8217;\u00fc 1 arada F\u0131nd\u0131k"},"content":{"rendered":"<p>Plastik fincandaki Haz\u0131r Kahve 3&#8217;\u00fc 1 Arada F\u0131nd\u0131kl\u0131 ile f\u0131nd\u0131\u011f\u0131n f\u0131nd\u0131ks\u0131 lezzetinin tad\u0131n\u0131 \u00e7\u0131kar\u0131n. Bu kar\u0131\u015f\u0131m kahve, krema ve \u015fekerin m\u00fckemmel kar\u0131\u015f\u0131m\u0131n\u0131 f\u0131nd\u0131kl\u0131 bir dokunu\u015fla sunar. Tek porsiyon i\u00e7in uygun \u015fekilde paketlenmi\u015f olan bu kar\u0131\u015f\u0131mla her zaman, her yerde lezzetli ve aromatik bir fincan kahvenin tad\u0131n\u0131 \u00e7\u0131karmak \u00e7ok kolay. H\u0131zl\u0131 bir ikram veya rahatlat\u0131c\u0131 bir kahve molas\u0131 i\u00e7in idealdir. Saklama ko\u015fullar\u0131: 0\u00b0C ila +20\u00b0C s\u0131cakl\u0131kta ve %75&#8217;ten fazla olmayan ba\u011f\u0131l nemde. Birim boyutu W\/H: 6\/13 sm Raf \u00f6mr\u00fc: 24 ay     <\/p>\n","protected":false},"excerpt":{"rendered":"<p>Plastik bardakta f\u0131nd\u0131kl\u0131 haz\u0131r kahve 16,5 g. Bir kutuda 175 fincan <\/p>\n","protected":false},"featured_media":8903,"comment_status":"open","ping_status":"closed","template":"","meta":{"_acf_changed":false},"brand":[661],"product_cat":[733],"product_tag":[852],"class_list":{"0":"post-9082","1":"product","2":"type-product","3":"status-publish","4":"has-post-thumbnail","6":"brand-markow-coffee-tr","7":"product_cat-kahve","8":"product_tag-front-product-tr","10":"first","11":"instock","12":"shipping-taxable","13":"purchasable","14":"product-type-simple"},"acf":[],"_links":{"self":[{"href":"https:\/\/turkmenexporter.com\/tr\/wp-json\/wp\/v2\/product\/9082","targetHints":{"allow":["GET"]}}],"collection":[{"href":"https:\/\/turkmenexporter.com\/tr\/wp-json\/wp\/v2\/product"}],"about":[{"href":"https:\/\/turkmenexporter.com\/tr\/wp-json\/wp\/v2\/types\/product"}],"replies":[{"embeddable":true,"href":"https:\/\/turkmenexporter.com\/tr\/wp-json\/wp\/v2\/comments?post=9082"}],"version-history":[{"count":1,"href":"https:\/\/turkmenexporter.com\/tr\/wp-json\/wp\/v2\/product\/9082\/revisions"}],"predecessor-version":[{"id":10106,"href":"https:\/\/turkmenexporter.com\/tr\/wp-json\/wp\/v2\/product\/9082\/revisions\/10106"}],"wp:featuredmedia":[{"embeddable":true,"href":"https:\/\/turkmenexporter.com\/tr\/wp-json\/wp\/v2\/media\/8903"}],"wp:attachment":[{"href":"https:\/\/turkmenexporter.com\/tr\/wp-json\/wp\/v2\/media?parent=9082"}],"wp:term":[{"taxonomy":"brand","embeddable":true,"href":"https:\/\/turkmenexporter.com\/tr\/wp-json\/wp\/v2\/brand?post=9082"},{"taxonomy":"product_cat","embeddable":true,"href":"https:\/\/turkmenexporter.com\/tr\/wp-json\/wp\/v2\/product_cat?post=9082"},{"taxonomy":"product_tag","embeddable":true,"href":"https:\/\/turkmenexporter.com\/tr\/wp-json\/wp\/v2\/product_tag?post=9082"}],"curies":[{"name":"wp","href":"https:\/\/api.w.org\/{rel}","templated":true}]}}