{"id":9083,"date":"2024-09-03T17:33:03","date_gmt":"2024-09-03T12:33:03","guid":{"rendered":"https:\/\/turkmenexporter.com\/product\/plastik-bardakta-hazir-kahve-3u-1-arada-cappuccino\/"},"modified":"2024-09-17T19:27:56","modified_gmt":"2024-09-17T14:27:56","slug":"plastik-bardakta-hazir-kahve-3u-1-arada-cappuccino","status":"publish","type":"product","link":"https:\/\/turkmenexporter.com\/tr\/urun\/plastik-bardakta-hazir-kahve-3u-1-arada-cappuccino\/","title":{"rendered":"Plastik bardakta haz\u0131r kahve 3&#8217;\u00fc 1 arada Cappuccino"},"content":{"rendered":"<p>Tek servislik fincanda Haz\u0131r Kahve 3&#8217;\u00fc 1 Arada Cappuccino ile cappuccino&#8217;nun kremsi ve k\u00f6p\u00fckl\u00fc lezzetinin tad\u0131n\u0131 \u00e7\u0131kar\u0131n. Bu hepsi bir arada kar\u0131\u015f\u0131m, zengin kahve, p\u00fcr\u00fczs\u00fcz krema ve do\u011fru miktarda \u015fekeri m\u00fckemmel dengeli, lezzetli bir cappuccino i\u00e7in bir araya getirir. Kullan\u0131\u015fl\u0131 ve haz\u0131rlamas\u0131 kolay olan bu kar\u0131\u015f\u0131m evde, ofiste veya hareket halindeyken h\u0131zl\u0131 ve tatmin edici bir kahve deneyimi i\u00e7in m\u00fckemmeldir. Saklama ko\u015fullar\u0131: 0\u00b0C ila +20\u00b0C s\u0131cakl\u0131kta ve %75&#8217;ten fazla olmayan ba\u011f\u0131l nemde. Birim boyutu W\/H: 6\/13 sm Raf \u00f6mr\u00fc: 24 ay    <\/p>\n","protected":false},"excerpt":{"rendered":"<p>Plastik fincanda haz\u0131r kahve cappuccino 16,5 g. Bir kutuda 175 fincan <\/p>\n","protected":false},"featured_media":8891,"comment_status":"open","ping_status":"closed","template":"","meta":{"_acf_changed":false},"brand":[661],"product_cat":[733],"product_tag":[],"class_list":{"0":"post-9083","1":"product","2":"type-product","3":"status-publish","4":"has-post-thumbnail","6":"brand-markow-coffee-tr","7":"product_cat-kahve","9":"first","10":"instock","11":"shipping-taxable","12":"purchasable","13":"product-type-simple"},"acf":[],"_links":{"self":[{"href":"https:\/\/turkmenexporter.com\/tr\/wp-json\/wp\/v2\/product\/9083","targetHints":{"allow":["GET"]}}],"collection":[{"href":"https:\/\/turkmenexporter.com\/tr\/wp-json\/wp\/v2\/product"}],"about":[{"href":"https:\/\/turkmenexporter.com\/tr\/wp-json\/wp\/v2\/types\/product"}],"replies":[{"embeddable":true,"href":"https:\/\/turkmenexporter.com\/tr\/wp-json\/wp\/v2\/comments?post=9083"}],"version-history":[{"count":1,"href":"https:\/\/turkmenexporter.com\/tr\/wp-json\/wp\/v2\/product\/9083\/revisions"}],"predecessor-version":[{"id":10105,"href":"https:\/\/turkmenexporter.com\/tr\/wp-json\/wp\/v2\/product\/9083\/revisions\/10105"}],"wp:featuredmedia":[{"embeddable":true,"href":"https:\/\/turkmenexporter.com\/tr\/wp-json\/wp\/v2\/media\/8891"}],"wp:attachment":[{"href":"https:\/\/turkmenexporter.com\/tr\/wp-json\/wp\/v2\/media?parent=9083"}],"wp:term":[{"taxonomy":"brand","embeddable":true,"href":"https:\/\/turkmenexporter.com\/tr\/wp-json\/wp\/v2\/brand?post=9083"},{"taxonomy":"product_cat","embeddable":true,"href":"https:\/\/turkmenexporter.com\/tr\/wp-json\/wp\/v2\/product_cat?post=9083"},{"taxonomy":"product_tag","embeddable":true,"href":"https:\/\/turkmenexporter.com\/tr\/wp-json\/wp\/v2\/product_tag?post=9083"}],"curies":[{"name":"wp","href":"https:\/\/api.w.org\/{rel}","templated":true}]}}