{"id":9084,"date":"2024-09-03T17:33:03","date_gmt":"2024-09-03T12:33:03","guid":{"rendered":"https:\/\/turkmenexporter.com\/product\/k-fincanda-hazir-classic-kahve\/"},"modified":"2026-03-22T15:59:50","modified_gmt":"2026-03-22T10:59:50","slug":"k-fincanda-hazir-classic-kahve","status":"publish","type":"product","link":"https:\/\/turkmenexporter.com\/tr\/urun\/k-fincanda-hazir-classic-kahve\/","title":{"rendered":"K-fincanda haz\u0131r Classic kahve"},"content":{"rendered":"<p>H\u0131zl\u0131 ve kolay haz\u0131rlama i\u00e7in K-Cup&#8217;ta uygun bir \u015fekilde paketlenmi\u015f Haz\u0131r Klasik Kahvemizin cesur ve p\u00fcr\u00fczs\u00fcz tad\u0131n\u0131 deneyimleyin. Birinci s\u0131n\u0131f kahve \u00e7ekirdeklerinden yap\u0131lan bu klasik kar\u0131\u015f\u0131m, zengin ve dolgun bir lezzet sunar. Yo\u011fun sabahlar veya h\u0131zl\u0131 bir kahve molas\u0131 i\u00e7in m\u00fckemmel olan bu kahve, hem ki\u015fisel hem de ofis kullan\u0131m\u0131 i\u00e7in m\u00fckemmel bir se\u00e7imdir. Saklama ko\u015fullar\u0131: 0\u00b0C ila +20\u00b0C s\u0131cakl\u0131kta ve %75&#8217;ten fazla olmayan ba\u011f\u0131l nemde. Birim boyutu W\/H: 6\/13 sm Raf \u00f6mr\u00fc: 24 ay    <\/p>\n","protected":false},"excerpt":{"rendered":"<p>Plastik fincanda haz\u0131r kahve 14,5 g. Bir kutuda 175 fincan <\/p>\n","protected":false},"featured_media":8885,"comment_status":"open","ping_status":"closed","template":"","meta":{"_acf_changed":false},"brand":[661],"product_cat":[733],"product_tag":[],"class_list":{"0":"post-9084","1":"product","2":"type-product","3":"status-publish","4":"has-post-thumbnail","6":"brand-markow-coffee-tr","7":"product_cat-kahve","9":"first","10":"instock","11":"shipping-taxable","12":"purchasable","13":"product-type-simple"},"acf":[],"_links":{"self":[{"href":"https:\/\/turkmenexporter.com\/tr\/wp-json\/wp\/v2\/product\/9084","targetHints":{"allow":["GET"]}}],"collection":[{"href":"https:\/\/turkmenexporter.com\/tr\/wp-json\/wp\/v2\/product"}],"about":[{"href":"https:\/\/turkmenexporter.com\/tr\/wp-json\/wp\/v2\/types\/product"}],"replies":[{"embeddable":true,"href":"https:\/\/turkmenexporter.com\/tr\/wp-json\/wp\/v2\/comments?post=9084"}],"version-history":[{"count":1,"href":"https:\/\/turkmenexporter.com\/tr\/wp-json\/wp\/v2\/product\/9084\/revisions"}],"predecessor-version":[{"id":10104,"href":"https:\/\/turkmenexporter.com\/tr\/wp-json\/wp\/v2\/product\/9084\/revisions\/10104"}],"wp:featuredmedia":[{"embeddable":true,"href":"https:\/\/turkmenexporter.com\/tr\/wp-json\/wp\/v2\/media\/8885"}],"wp:attachment":[{"href":"https:\/\/turkmenexporter.com\/tr\/wp-json\/wp\/v2\/media?parent=9084"}],"wp:term":[{"taxonomy":"brand","embeddable":true,"href":"https:\/\/turkmenexporter.com\/tr\/wp-json\/wp\/v2\/brand?post=9084"},{"taxonomy":"product_cat","embeddable":true,"href":"https:\/\/turkmenexporter.com\/tr\/wp-json\/wp\/v2\/product_cat?post=9084"},{"taxonomy":"product_tag","embeddable":true,"href":"https:\/\/turkmenexporter.com\/tr\/wp-json\/wp\/v2\/product_tag?post=9084"}],"curies":[{"name":"wp","href":"https:\/\/api.w.org\/{rel}","templated":true}]}}