{"id":9085,"date":"2024-09-03T17:33:02","date_gmt":"2024-09-03T12:33:02","guid":{"rendered":"https:\/\/turkmenexporter.com\/product\/plastik-bardakta-sicak-cikolata\/"},"modified":"2024-09-17T19:27:57","modified_gmt":"2024-09-17T14:27:57","slug":"plastik-bardakta-sicak-cikolata","status":"publish","type":"product","link":"https:\/\/turkmenexporter.com\/tr\/urun\/plastik-bardakta-sicak-cikolata\/","title":{"rendered":"Plastik bardakta S\u0131cak \u00c7ikolata"},"content":{"rendered":"<p>Kullan\u0131\u015fl\u0131 tek servislik barda\u011f\u0131m\u0131zla s\u0131cak \u00e7ikolatan\u0131n zengin, kremsi tad\u0131na kendinizi b\u0131rak\u0131n. Y\u00fcksek kaliteli kakaodan \u00fcretilen bu rahatlat\u0131c\u0131 i\u00e7ecek, her zaman s\u0131cak, \u00e7ikolatal\u0131 bir ikram\u0131n tad\u0131n\u0131 \u00e7\u0131karmak i\u00e7in m\u00fckemmeldir. Sadece s\u0131cak su veya s\u00fct ekleyin, kar\u0131\u015ft\u0131r\u0131n ve p\u00fcr\u00fczs\u00fcz, kadifemsi lezzetin tad\u0131n\u0131 \u00e7\u0131kar\u0131n. Kafeler, ofisler veya evde h\u0131zl\u0131 bir ikram i\u00e7in idealdir. Saklama ko\u015fullar\u0131: 0\u00b0C ila +20\u00b0C s\u0131cakl\u0131kta ve %75&#8217;ten fazla olmayan ba\u011f\u0131l nemde. Birim boyutu W\/H: 6\/13 sm Raf \u00f6mr\u00fc: 24 ay     <\/p>\n","protected":false},"excerpt":{"rendered":"<p>Plastik bardakta S\u0131cak \u00c7ikolata 14,5 g. Bir kutuda 175 bardak <\/p>\n","protected":false},"featured_media":8879,"comment_status":"open","ping_status":"closed","template":"","meta":{"_acf_changed":false},"brand":[661],"product_cat":[733],"product_tag":[],"class_list":{"0":"post-9085","1":"product","2":"type-product","3":"status-publish","4":"has-post-thumbnail","6":"brand-markow-coffee-tr","7":"product_cat-kahve","9":"first","10":"instock","11":"shipping-taxable","12":"purchasable","13":"product-type-simple"},"acf":[],"_links":{"self":[{"href":"https:\/\/turkmenexporter.com\/tr\/wp-json\/wp\/v2\/product\/9085","targetHints":{"allow":["GET"]}}],"collection":[{"href":"https:\/\/turkmenexporter.com\/tr\/wp-json\/wp\/v2\/product"}],"about":[{"href":"https:\/\/turkmenexporter.com\/tr\/wp-json\/wp\/v2\/types\/product"}],"replies":[{"embeddable":true,"href":"https:\/\/turkmenexporter.com\/tr\/wp-json\/wp\/v2\/comments?post=9085"}],"version-history":[{"count":1,"href":"https:\/\/turkmenexporter.com\/tr\/wp-json\/wp\/v2\/product\/9085\/revisions"}],"predecessor-version":[{"id":10119,"href":"https:\/\/turkmenexporter.com\/tr\/wp-json\/wp\/v2\/product\/9085\/revisions\/10119"}],"wp:featuredmedia":[{"embeddable":true,"href":"https:\/\/turkmenexporter.com\/tr\/wp-json\/wp\/v2\/media\/8879"}],"wp:attachment":[{"href":"https:\/\/turkmenexporter.com\/tr\/wp-json\/wp\/v2\/media?parent=9085"}],"wp:term":[{"taxonomy":"brand","embeddable":true,"href":"https:\/\/turkmenexporter.com\/tr\/wp-json\/wp\/v2\/brand?post=9085"},{"taxonomy":"product_cat","embeddable":true,"href":"https:\/\/turkmenexporter.com\/tr\/wp-json\/wp\/v2\/product_cat?post=9085"},{"taxonomy":"product_tag","embeddable":true,"href":"https:\/\/turkmenexporter.com\/tr\/wp-json\/wp\/v2\/product_tag?post=9085"}],"curies":[{"name":"wp","href":"https:\/\/api.w.org\/{rel}","templated":true}]}}