{"id":9088,"date":"2024-09-03T17:33:01","date_gmt":"2024-09-03T12:33:01","guid":{"rendered":"https:\/\/turkmenexporter.com\/product\/brezilya-intensodan-orta-kavrulmus-butun-kahve-cekirdekleri-1-kg\/"},"modified":"2024-09-17T19:27:59","modified_gmt":"2024-09-17T14:27:59","slug":"brezilya-intensodan-orta-kavrulmus-butun-kahve-cekirdekleri-1-kg","status":"publish","type":"product","link":"https:\/\/turkmenexporter.com\/tr\/urun\/brezilya-intensodan-orta-kavrulmus-butun-kahve-cekirdekleri-1-kg\/","title":{"rendered":"Brezilya Intenso&#8217;dan orta kavrulmu\u015f b\u00fct\u00fcn kahve \u00e7ekirdekleri 1 kg"},"content":{"rendered":"<p>\u0130\u00e7indekiler: 100 do\u011fal b\u00fct\u00fcn \u00e7ekirdekler. Bu kahve Arabica ve Robusta kar\u0131\u015f\u0131m\u0131d\u0131r. Kendinizi koyu kavrulmu\u015f ve uzun bir tat b\u0131rakan notalar\u0131n tad\u0131n\u0131 \u00e7\u0131karmaya b\u0131rak\u0131n. Saklama ko\u015fullar\u0131: 0\u00b0C ila +20\u00b0C s\u0131cakl\u0131kta ve %75&#8217;ten fazla olmayan ba\u011f\u0131l nemde. Birim boyutu W\/H: 20\/25 sm A\u011f\u0131rl\u0131k: 1 kg Raf \u00f6mr\u00fc: 24 ay    <\/p>\n","protected":false},"excerpt":{"rendered":"<p>40 Arabica %60 Robusta orta koyu kavrulmu\u015f kahve kar\u0131\u015f\u0131m\u0131 1 kg. Do\u011fal b\u00fct\u00fcn \u00e7ekirdekler. <\/p>\n","protected":false},"featured_media":8933,"comment_status":"open","ping_status":"closed","template":"","meta":{"_acf_changed":false},"brand":[661],"product_cat":[733],"product_tag":[],"class_list":{"0":"post-9088","1":"product","2":"type-product","3":"status-publish","4":"has-post-thumbnail","6":"brand-markow-coffee-tr","7":"product_cat-kahve","9":"first","10":"instock","11":"shipping-taxable","12":"purchasable","13":"product-type-simple"},"acf":[],"_links":{"self":[{"href":"https:\/\/turkmenexporter.com\/tr\/wp-json\/wp\/v2\/product\/9088","targetHints":{"allow":["GET"]}}],"collection":[{"href":"https:\/\/turkmenexporter.com\/tr\/wp-json\/wp\/v2\/product"}],"about":[{"href":"https:\/\/turkmenexporter.com\/tr\/wp-json\/wp\/v2\/types\/product"}],"replies":[{"embeddable":true,"href":"https:\/\/turkmenexporter.com\/tr\/wp-json\/wp\/v2\/comments?post=9088"}],"version-history":[{"count":1,"href":"https:\/\/turkmenexporter.com\/tr\/wp-json\/wp\/v2\/product\/9088\/revisions"}],"predecessor-version":[{"id":10129,"href":"https:\/\/turkmenexporter.com\/tr\/wp-json\/wp\/v2\/product\/9088\/revisions\/10129"}],"wp:featuredmedia":[{"embeddable":true,"href":"https:\/\/turkmenexporter.com\/tr\/wp-json\/wp\/v2\/media\/8933"}],"wp:attachment":[{"href":"https:\/\/turkmenexporter.com\/tr\/wp-json\/wp\/v2\/media?parent=9088"}],"wp:term":[{"taxonomy":"brand","embeddable":true,"href":"https:\/\/turkmenexporter.com\/tr\/wp-json\/wp\/v2\/brand?post=9088"},{"taxonomy":"product_cat","embeddable":true,"href":"https:\/\/turkmenexporter.com\/tr\/wp-json\/wp\/v2\/product_cat?post=9088"},{"taxonomy":"product_tag","embeddable":true,"href":"https:\/\/turkmenexporter.com\/tr\/wp-json\/wp\/v2\/product_tag?post=9088"}],"curies":[{"name":"wp","href":"https:\/\/api.w.org\/{rel}","templated":true}]}}