{"id":9286,"date":"2024-09-05T14:01:08","date_gmt":"2024-09-05T09:01:08","guid":{"rendered":"https:\/\/turkmenexporter.com\/product\/turkmen-mirasi-cam-duvar-saati\/"},"modified":"2024-09-17T19:27:48","modified_gmt":"2024-09-17T14:27:48","slug":"turkmen-mirasi-cam-duvar-saati","status":"publish","type":"product","link":"https:\/\/turkmenexporter.com\/tr\/urun\/turkmen-mirasi-cam-duvar-saati\/","title":{"rendered":"T\u00fcrkmen Miras\u0131 Cam Duvar Saati"},"content":{"rendered":"<p>Etno tarz\u0131nda vitray boyama. Bile\u015fim : Taban cam\u0131. Vitray boyalar, p\u00fcr\u00fczs\u00fcz mekanizma (sessiz) A\u011f\u0131rl\u0131k: 1,5 kg  <\/p>\n","protected":false},"excerpt":{"rendered":"<p>El yap\u0131m\u0131 duvar saati 35 cm \u00e7ap\u0131ndad\u0131r.<\/p>\n","protected":false},"featured_media":9154,"comment_status":"open","ping_status":"closed","template":"","meta":{"_acf_changed":false},"brand":[656],"product_cat":[763],"product_tag":[852],"class_list":{"0":"post-9286","1":"product","2":"type-product","3":"status-publish","4":"has-post-thumbnail","6":"brand-turkmen-art-tr","7":"product_cat-duvar-saati","8":"product_tag-front-product-tr","10":"first","11":"instock","12":"shipping-taxable","13":"purchasable","14":"product-type-simple"},"acf":[],"_links":{"self":[{"href":"https:\/\/turkmenexporter.com\/tr\/wp-json\/wp\/v2\/product\/9286","targetHints":{"allow":["GET"]}}],"collection":[{"href":"https:\/\/turkmenexporter.com\/tr\/wp-json\/wp\/v2\/product"}],"about":[{"href":"https:\/\/turkmenexporter.com\/tr\/wp-json\/wp\/v2\/types\/product"}],"replies":[{"embeddable":true,"href":"https:\/\/turkmenexporter.com\/tr\/wp-json\/wp\/v2\/comments?post=9286"}],"version-history":[{"count":1,"href":"https:\/\/turkmenexporter.com\/tr\/wp-json\/wp\/v2\/product\/9286\/revisions"}],"predecessor-version":[{"id":10054,"href":"https:\/\/turkmenexporter.com\/tr\/wp-json\/wp\/v2\/product\/9286\/revisions\/10054"}],"wp:featuredmedia":[{"embeddable":true,"href":"https:\/\/turkmenexporter.com\/tr\/wp-json\/wp\/v2\/media\/9154"}],"wp:attachment":[{"href":"https:\/\/turkmenexporter.com\/tr\/wp-json\/wp\/v2\/media?parent=9286"}],"wp:term":[{"taxonomy":"brand","embeddable":true,"href":"https:\/\/turkmenexporter.com\/tr\/wp-json\/wp\/v2\/brand?post=9286"},{"taxonomy":"product_cat","embeddable":true,"href":"https:\/\/turkmenexporter.com\/tr\/wp-json\/wp\/v2\/product_cat?post=9286"},{"taxonomy":"product_tag","embeddable":true,"href":"https:\/\/turkmenexporter.com\/tr\/wp-json\/wp\/v2\/product_tag?post=9286"}],"curies":[{"name":"wp","href":"https:\/\/api.w.org\/{rel}","templated":true}]}}