{"id":9287,"date":"2024-09-05T14:01:06","date_gmt":"2024-09-05T09:01:06","guid":{"rendered":"https:\/\/turkmenexporter.com\/product\/geleneksel-turkmen-desenli-duvar-saati\/"},"modified":"2024-09-17T19:27:51","modified_gmt":"2024-09-17T14:27:51","slug":"geleneksel-turkmen-desenli-duvar-saati","status":"publish","type":"product","link":"https:\/\/turkmenexporter.com\/tr\/urun\/geleneksel-turkmen-desenli-duvar-saati\/","title":{"rendered":"Geleneksel T\u00fcrkmen Desenli Duvar Saati"},"content":{"rendered":"<p>Etno tarz\u0131nda vitray boyama. Kompozisyon: Taban cam\u0131. Vitray boyalar, p\u00fcr\u00fczs\u00fcz mekanizma (sessiz) A\u011f\u0131rl\u0131k: 1 kg  <\/p>\n","protected":false},"excerpt":{"rendered":"<p>El yap\u0131m\u0131 duvar saati 25 cm \u00e7ap\u0131ndad\u0131r.<\/p>\n","protected":false},"featured_media":9178,"comment_status":"open","ping_status":"closed","template":"","meta":{"_acf_changed":false},"brand":[656],"product_cat":[763],"product_tag":[],"class_list":{"0":"post-9287","1":"product","2":"type-product","3":"status-publish","4":"has-post-thumbnail","6":"brand-turkmen-art-tr","7":"product_cat-duvar-saati","9":"first","10":"instock","11":"shipping-taxable","12":"purchasable","13":"product-type-simple"},"acf":[],"_links":{"self":[{"href":"https:\/\/turkmenexporter.com\/tr\/wp-json\/wp\/v2\/product\/9287","targetHints":{"allow":["GET"]}}],"collection":[{"href":"https:\/\/turkmenexporter.com\/tr\/wp-json\/wp\/v2\/product"}],"about":[{"href":"https:\/\/turkmenexporter.com\/tr\/wp-json\/wp\/v2\/types\/product"}],"replies":[{"embeddable":true,"href":"https:\/\/turkmenexporter.com\/tr\/wp-json\/wp\/v2\/comments?post=9287"}],"version-history":[{"count":1,"href":"https:\/\/turkmenexporter.com\/tr\/wp-json\/wp\/v2\/product\/9287\/revisions"}],"predecessor-version":[{"id":10067,"href":"https:\/\/turkmenexporter.com\/tr\/wp-json\/wp\/v2\/product\/9287\/revisions\/10067"}],"wp:featuredmedia":[{"embeddable":true,"href":"https:\/\/turkmenexporter.com\/tr\/wp-json\/wp\/v2\/media\/9178"}],"wp:attachment":[{"href":"https:\/\/turkmenexporter.com\/tr\/wp-json\/wp\/v2\/media?parent=9287"}],"wp:term":[{"taxonomy":"brand","embeddable":true,"href":"https:\/\/turkmenexporter.com\/tr\/wp-json\/wp\/v2\/brand?post=9287"},{"taxonomy":"product_cat","embeddable":true,"href":"https:\/\/turkmenexporter.com\/tr\/wp-json\/wp\/v2\/product_cat?post=9287"},{"taxonomy":"product_tag","embeddable":true,"href":"https:\/\/turkmenexporter.com\/tr\/wp-json\/wp\/v2\/product_tag?post=9287"}],"curies":[{"name":"wp","href":"https:\/\/api.w.org\/{rel}","templated":true}]}}