{"id":9680,"date":"2024-09-15T16:41:18","date_gmt":"2024-09-15T11:41:18","guid":{"rendered":"https:\/\/turkmenexporter.com\/product\/sinalco-jump-alkolsuz-gazli-icecek-05-l\/"},"modified":"2024-09-17T19:27:45","modified_gmt":"2024-09-17T14:27:45","slug":"sinalco-jump-alkolsuz-gazli-icecek-05-l","status":"publish","type":"product","link":"https:\/\/turkmenexporter.com\/tr\/urun\/sinalco-jump-alkolsuz-gazli-icecek-05-l\/","title":{"rendered":"Sinalco Jump alkols\u00fcz gazl\u0131 i\u00e7ecek 0,5 L"},"content":{"rendered":"<p>\u0130\u00e7indekiler: ar\u0131t\u0131lm\u0131\u015f i\u00e7me suyu, \u015feker, i\u00e7ecek karbonasyonu i\u00e7in gaz karbondioksit E290, asitlik d\u00fczenleyici limon asidi E330, do\u011fal aroma maddelerine benzer, do\u011fal g\u0131da renklendirici \u015feker boyas\u0131 E150c, asitlik d\u00fczenleyici laktik asit E270, koruyucu madde sodyum benzoat E211. Saklama ko\u015fullar\u0131: 0\u00b0C ila 18\u00b0C&#8217;de. Raf \u00f6mr\u00fc: 6 ay  <\/p>\n","protected":false},"excerpt":{"rendered":"<p>Alkols\u00fcz gazl\u0131 i\u00e7ecek<\/p>\n","protected":false},"featured_media":9424,"comment_status":"open","ping_status":"closed","template":"","meta":{"_acf_changed":false},"brand":[778],"product_cat":[629],"product_tag":[],"class_list":{"0":"post-9680","1":"product","2":"type-product","3":"status-publish","4":"has-post-thumbnail","6":"brand-mahmal-zip-tr","7":"product_cat-icecekler","9":"first","10":"instock","11":"shipping-taxable","12":"purchasable","13":"product-type-simple"},"acf":[],"_links":{"self":[{"href":"https:\/\/turkmenexporter.com\/tr\/wp-json\/wp\/v2\/product\/9680","targetHints":{"allow":["GET"]}}],"collection":[{"href":"https:\/\/turkmenexporter.com\/tr\/wp-json\/wp\/v2\/product"}],"about":[{"href":"https:\/\/turkmenexporter.com\/tr\/wp-json\/wp\/v2\/types\/product"}],"replies":[{"embeddable":true,"href":"https:\/\/turkmenexporter.com\/tr\/wp-json\/wp\/v2\/comments?post=9680"}],"version-history":[{"count":1,"href":"https:\/\/turkmenexporter.com\/tr\/wp-json\/wp\/v2\/product\/9680\/revisions"}],"predecessor-version":[{"id":10036,"href":"https:\/\/turkmenexporter.com\/tr\/wp-json\/wp\/v2\/product\/9680\/revisions\/10036"}],"wp:featuredmedia":[{"embeddable":true,"href":"https:\/\/turkmenexporter.com\/tr\/wp-json\/wp\/v2\/media\/9424"}],"wp:attachment":[{"href":"https:\/\/turkmenexporter.com\/tr\/wp-json\/wp\/v2\/media?parent=9680"}],"wp:term":[{"taxonomy":"brand","embeddable":true,"href":"https:\/\/turkmenexporter.com\/tr\/wp-json\/wp\/v2\/brand?post=9680"},{"taxonomy":"product_cat","embeddable":true,"href":"https:\/\/turkmenexporter.com\/tr\/wp-json\/wp\/v2\/product_cat?post=9680"},{"taxonomy":"product_tag","embeddable":true,"href":"https:\/\/turkmenexporter.com\/tr\/wp-json\/wp\/v2\/product_tag?post=9680"}],"curies":[{"name":"wp","href":"https:\/\/api.w.org\/{rel}","templated":true}]}}