{"id":9774,"date":"2024-09-15T16:41:49","date_gmt":"2024-09-15T11:41:49","guid":{"rendered":"https:\/\/turkmenexporter.com\/product\/zip-naybashy-koyu-bira-05-l\/"},"modified":"2024-09-17T19:27:33","modified_gmt":"2024-09-17T14:27:33","slug":"zip-naybashy-koyu-bira-05-l","status":"publish","type":"product","link":"https:\/\/turkmenexporter.com\/tr\/urun\/zip-naybashy-koyu-bira-05-l\/","title":{"rendered":"Zip Naybashy koyu bira 0,5 L"},"content":{"rendered":"<p>\u0130\u00e7indekiler: maltl\u0131k arpa, karamel malt, \u00f6zel &#8220;Melonoidin&#8221; malt, \u015ferbet\u00e7iotu, kuru bira mayas\u0131, ar\u0131t\u0131lm\u0131\u015f su, kolloidal stabilizat\u00f6r. Saklama ko\u015fullar\u0131: 2\u00b0C ila 25\u00b0C&#8217;de. Raf \u00f6mr\u00fc: 6 ay  <\/p>\n","protected":false},"excerpt":{"rendered":"<p>Past\u00f6rize koyu bira (alc. %4,7 vol.)<\/p>\n","protected":false},"featured_media":9358,"comment_status":"open","ping_status":"closed","template":"","meta":{"_acf_changed":false},"brand":[778],"product_cat":[772],"product_tag":[852],"class_list":{"0":"post-9774","1":"product","2":"type-product","3":"status-publish","4":"has-post-thumbnail","6":"brand-mahmal-zip-tr","7":"product_cat-bira","8":"product_tag-front-product-tr","10":"first","11":"instock","12":"shipping-taxable","13":"purchasable","14":"product-type-simple"},"acf":[],"_links":{"self":[{"href":"https:\/\/turkmenexporter.com\/tr\/wp-json\/wp\/v2\/product\/9774","targetHints":{"allow":["GET"]}}],"collection":[{"href":"https:\/\/turkmenexporter.com\/tr\/wp-json\/wp\/v2\/product"}],"about":[{"href":"https:\/\/turkmenexporter.com\/tr\/wp-json\/wp\/v2\/types\/product"}],"replies":[{"embeddable":true,"href":"https:\/\/turkmenexporter.com\/tr\/wp-json\/wp\/v2\/comments?post=9774"}],"version-history":[{"count":1,"href":"https:\/\/turkmenexporter.com\/tr\/wp-json\/wp\/v2\/product\/9774\/revisions"}],"predecessor-version":[{"id":9926,"href":"https:\/\/turkmenexporter.com\/tr\/wp-json\/wp\/v2\/product\/9774\/revisions\/9926"}],"wp:featuredmedia":[{"embeddable":true,"href":"https:\/\/turkmenexporter.com\/tr\/wp-json\/wp\/v2\/media\/9358"}],"wp:attachment":[{"href":"https:\/\/turkmenexporter.com\/tr\/wp-json\/wp\/v2\/media?parent=9774"}],"wp:term":[{"taxonomy":"brand","embeddable":true,"href":"https:\/\/turkmenexporter.com\/tr\/wp-json\/wp\/v2\/brand?post=9774"},{"taxonomy":"product_cat","embeddable":true,"href":"https:\/\/turkmenexporter.com\/tr\/wp-json\/wp\/v2\/product_cat?post=9774"},{"taxonomy":"product_tag","embeddable":true,"href":"https:\/\/turkmenexporter.com\/tr\/wp-json\/wp\/v2\/product_tag?post=9774"}],"curies":[{"name":"wp","href":"https:\/\/api.w.org\/{rel}","templated":true}]}}