{"id":9776,"date":"2024-09-15T16:41:45","date_gmt":"2024-09-15T11:41:45","guid":{"rendered":"https:\/\/turkmenexporter.com\/product\/zip-classic-light-bira-05-l-kutu-icinde\/"},"modified":"2024-09-17T19:27:34","modified_gmt":"2024-09-17T14:27:34","slug":"zip-classic-light-bira-05-l-kutu-icinde","status":"publish","type":"product","link":"https:\/\/turkmenexporter.com\/tr\/urun\/zip-classic-light-bira-05-l-kutu-icinde\/","title":{"rendered":"Zip Classic light bira 0,5 L kutu i\u00e7inde"},"content":{"rendered":"<p>\u0130\u00e7indekiler: maltl\u0131k arpa, pirin\u00e7 ezmesi, \u015ferbet\u00e7iotu, bira mayas\u0131, ar\u0131t\u0131lm\u0131\u015f su, kolloidal stabilizat\u00f6r. Saklama ko\u015fullar\u0131: 2\u00b0C ila 25\u00b0C&#8217;de. Raf \u00f6mr\u00fc: 6 ay  <\/p>\n","protected":false},"excerpt":{"rendered":"<p>Past\u00f6rize hafif bira (alc. %4,0 vol.)<\/p>\n","protected":false},"featured_media":9346,"comment_status":"open","ping_status":"closed","template":"","meta":{"_acf_changed":false},"brand":[778],"product_cat":[772],"product_tag":[852],"class_list":{"0":"post-9776","1":"product","2":"type-product","3":"status-publish","4":"has-post-thumbnail","6":"brand-mahmal-zip-tr","7":"product_cat-bira","8":"product_tag-front-product-tr","10":"first","11":"instock","12":"shipping-taxable","13":"purchasable","14":"product-type-simple"},"acf":[],"_links":{"self":[{"href":"https:\/\/turkmenexporter.com\/tr\/wp-json\/wp\/v2\/product\/9776","targetHints":{"allow":["GET"]}}],"collection":[{"href":"https:\/\/turkmenexporter.com\/tr\/wp-json\/wp\/v2\/product"}],"about":[{"href":"https:\/\/turkmenexporter.com\/tr\/wp-json\/wp\/v2\/types\/product"}],"replies":[{"embeddable":true,"href":"https:\/\/turkmenexporter.com\/tr\/wp-json\/wp\/v2\/comments?post=9776"}],"version-history":[{"count":1,"href":"https:\/\/turkmenexporter.com\/tr\/wp-json\/wp\/v2\/product\/9776\/revisions"}],"predecessor-version":[{"id":9942,"href":"https:\/\/turkmenexporter.com\/tr\/wp-json\/wp\/v2\/product\/9776\/revisions\/9942"}],"wp:featuredmedia":[{"embeddable":true,"href":"https:\/\/turkmenexporter.com\/tr\/wp-json\/wp\/v2\/media\/9346"}],"wp:attachment":[{"href":"https:\/\/turkmenexporter.com\/tr\/wp-json\/wp\/v2\/media?parent=9776"}],"wp:term":[{"taxonomy":"brand","embeddable":true,"href":"https:\/\/turkmenexporter.com\/tr\/wp-json\/wp\/v2\/brand?post=9776"},{"taxonomy":"product_cat","embeddable":true,"href":"https:\/\/turkmenexporter.com\/tr\/wp-json\/wp\/v2\/product_cat?post=9776"},{"taxonomy":"product_tag","embeddable":true,"href":"https:\/\/turkmenexporter.com\/tr\/wp-json\/wp\/v2\/product_tag?post=9776"}],"curies":[{"name":"wp","href":"https:\/\/api.w.org\/{rel}","templated":true}]}}