{"id":9779,"date":"2024-09-15T16:41:37","date_gmt":"2024-09-15T11:41:37","guid":{"rendered":"https:\/\/turkmenexporter.com\/product\/sinalco-fresco-alkolsuz-gazli-icecek-05-l\/"},"modified":"2024-09-17T19:27:37","modified_gmt":"2024-09-17T14:27:37","slug":"sinalco-fresco-alkolsuz-gazli-icecek-05-l","status":"publish","type":"product","link":"https:\/\/turkmenexporter.com\/tr\/urun\/sinalco-fresco-alkolsuz-gazli-icecek-05-l\/","title":{"rendered":"Sinalco Fresco alkols\u00fcz gazl\u0131 i\u00e7ecek 0,5 L"},"content":{"rendered":"<p>\u0130\u00e7indekiler: ar\u0131t\u0131lm\u0131\u015f i\u00e7me suyu, \u015feker, i\u00e7ecek karbonasyonu i\u00e7in gaz karbondioksit E290, limon suyu konsantresi, asitlik d\u00fczenleyici 3 de\u011ferlikli sodyum sitrat E331, limon \u00f6z\u00fc, aroma verici madde, antioksidan askorbik asit E300, koruyucu madde sodyum benzoat E211, d\u00fczenleyici gummiarabic E414, d\u00fczenleyici re\u00e7ine asitleri ve gliserin esterleri E445, aspir renklendirici konsantresi, do\u011fal g\u0131da renklendiricisi \u015feker boyas\u0131 E150d, koruyucu madde potasyum sorbat E202, asitlik d\u00fczenleyici limon asidi E330, do\u011fal aroma maddelerine benzer, etil alkol, nem tutucu madde triasetin E1518. Saklama ko\u015fullar\u0131: 0\u00b0C ila 18\u00b0C&#8217;de. Raf \u00f6mr\u00fc: 6 ay  <\/p>\n","protected":false},"excerpt":{"rendered":"<p>Alkols\u00fcz gazl\u0131 i\u00e7ecek<\/p>\n","protected":false},"featured_media":9418,"comment_status":"open","ping_status":"closed","template":"","meta":{"_acf_changed":false},"brand":[778],"product_cat":[629],"product_tag":[852],"class_list":{"0":"post-9779","1":"product","2":"type-product","3":"status-publish","4":"has-post-thumbnail","6":"brand-mahmal-zip-tr","7":"product_cat-icecekler","8":"product_tag-front-product-tr","10":"first","11":"instock","12":"shipping-taxable","13":"purchasable","14":"product-type-simple"},"acf":[],"_links":{"self":[{"href":"https:\/\/turkmenexporter.com\/tr\/wp-json\/wp\/v2\/product\/9779","targetHints":{"allow":["GET"]}}],"collection":[{"href":"https:\/\/turkmenexporter.com\/tr\/wp-json\/wp\/v2\/product"}],"about":[{"href":"https:\/\/turkmenexporter.com\/tr\/wp-json\/wp\/v2\/types\/product"}],"replies":[{"embeddable":true,"href":"https:\/\/turkmenexporter.com\/tr\/wp-json\/wp\/v2\/comments?post=9779"}],"version-history":[{"count":1,"href":"https:\/\/turkmenexporter.com\/tr\/wp-json\/wp\/v2\/product\/9779\/revisions"}],"predecessor-version":[{"id":9967,"href":"https:\/\/turkmenexporter.com\/tr\/wp-json\/wp\/v2\/product\/9779\/revisions\/9967"}],"wp:featuredmedia":[{"embeddable":true,"href":"https:\/\/turkmenexporter.com\/tr\/wp-json\/wp\/v2\/media\/9418"}],"wp:attachment":[{"href":"https:\/\/turkmenexporter.com\/tr\/wp-json\/wp\/v2\/media?parent=9779"}],"wp:term":[{"taxonomy":"brand","embeddable":true,"href":"https:\/\/turkmenexporter.com\/tr\/wp-json\/wp\/v2\/brand?post=9779"},{"taxonomy":"product_cat","embeddable":true,"href":"https:\/\/turkmenexporter.com\/tr\/wp-json\/wp\/v2\/product_cat?post=9779"},{"taxonomy":"product_tag","embeddable":true,"href":"https:\/\/turkmenexporter.com\/tr\/wp-json\/wp\/v2\/product_tag?post=9779"}],"curies":[{"name":"wp","href":"https:\/\/api.w.org\/{rel}","templated":true}]}}