{"id":9780,"date":"2024-09-15T16:41:36","date_gmt":"2024-09-15T11:41:36","guid":{"rendered":"https:\/\/turkmenexporter.com\/product\/sinalco-zitron-alkolsuz-gazli-icecek-15-l\/"},"modified":"2024-09-17T19:27:38","modified_gmt":"2024-09-17T14:27:38","slug":"sinalco-zitron-alkolsuz-gazli-icecek-15-l","status":"publish","type":"product","link":"https:\/\/turkmenexporter.com\/tr\/urun\/sinalco-zitron-alkolsuz-gazli-icecek-15-l\/","title":{"rendered":"Sinalco Zitron alkols\u00fcz gazl\u0131 i\u00e7ecek 1,5 L"},"content":{"rendered":"<p>\u0130\u00e7indekiler: ar\u0131t\u0131lm\u0131\u015f i\u00e7me suyu, \u015feker, karbondioksit E290, asitlik d\u00fczenleyici limon asidi E330, &#8220;Limon La\u00fdm&#8221; benzeri do\u011fal aroma verici, koruyucu madde sodyum benzoat E211. Saklama ko\u015fullar\u0131: 0\u00b0C ila 18\u00b0C&#8217;de. Raf \u00f6mr\u00fc: 6 ay  <\/p>\n","protected":false},"excerpt":{"rendered":"<p>Alkols\u00fcz gazl\u0131 i\u00e7ecek<\/p>\n","protected":false},"featured_media":9322,"comment_status":"open","ping_status":"closed","template":"","meta":{"_acf_changed":false},"brand":[778],"product_cat":[629],"product_tag":[852],"class_list":{"0":"post-9780","1":"product","2":"type-product","3":"status-publish","4":"has-post-thumbnail","6":"brand-mahmal-zip-tr","7":"product_cat-icecekler","8":"product_tag-front-product-tr","10":"first","11":"instock","12":"shipping-taxable","13":"purchasable","14":"product-type-simple"},"acf":[],"_links":{"self":[{"href":"https:\/\/turkmenexporter.com\/tr\/wp-json\/wp\/v2\/product\/9780","targetHints":{"allow":["GET"]}}],"collection":[{"href":"https:\/\/turkmenexporter.com\/tr\/wp-json\/wp\/v2\/product"}],"about":[{"href":"https:\/\/turkmenexporter.com\/tr\/wp-json\/wp\/v2\/types\/product"}],"replies":[{"embeddable":true,"href":"https:\/\/turkmenexporter.com\/tr\/wp-json\/wp\/v2\/comments?post=9780"}],"version-history":[{"count":1,"href":"https:\/\/turkmenexporter.com\/tr\/wp-json\/wp\/v2\/product\/9780\/revisions"}],"predecessor-version":[{"id":9972,"href":"https:\/\/turkmenexporter.com\/tr\/wp-json\/wp\/v2\/product\/9780\/revisions\/9972"}],"wp:featuredmedia":[{"embeddable":true,"href":"https:\/\/turkmenexporter.com\/tr\/wp-json\/wp\/v2\/media\/9322"}],"wp:attachment":[{"href":"https:\/\/turkmenexporter.com\/tr\/wp-json\/wp\/v2\/media?parent=9780"}],"wp:term":[{"taxonomy":"brand","embeddable":true,"href":"https:\/\/turkmenexporter.com\/tr\/wp-json\/wp\/v2\/brand?post=9780"},{"taxonomy":"product_cat","embeddable":true,"href":"https:\/\/turkmenexporter.com\/tr\/wp-json\/wp\/v2\/product_cat?post=9780"},{"taxonomy":"product_tag","embeddable":true,"href":"https:\/\/turkmenexporter.com\/tr\/wp-json\/wp\/v2\/product_tag?post=9780"}],"curies":[{"name":"wp","href":"https:\/\/api.w.org\/{rel}","templated":true}]}}